{"id":233,"date":"2018-03-18T20:49:45","date_gmt":"2018-03-18T19:49:45","guid":{"rendered":"http:\/\/lagornis.monbacasable.fr\/?p=233"},"modified":"2018-03-18T20:49:45","modified_gmt":"2018-03-18T19:49:45","slug":"effet-de-destins","status":"publish","type":"page","link":"https:\/\/old.lagornis.fr\/?page_id=233","title":{"rendered":"Points de destins"},"content":{"rendered":"\n<p>Les joueurs peut utiliser des points de destins pour alt\u00e9rer la r\u00e9alit\u00e9. A chaque utilisation de points de destins ils tirent un effet de destin al\u00e9atoire (sur 1d100). Il y aura le choix entre 3 effets correspondant au jet de d\u00e9 et adjacent. En cas d&#8217;effet &lt;10 ou sup\u00e9rieur \u00e0 90 il y a un second effet (non cumulable). A chaque effets de destins successifs (espac\u00e9s de moins de trois mois) un malus de 5 est appliqu\u00e9.<\/p>\n\n\n\n<p>Lors d&#8217;actions provoquant une alt\u00e9ration majeur, le joueur devras lanc\u00e9 un d12 pour d\u00e9terminer s&#8217;il subit des cons\u00e9quences pour sa gourmandise. (un effet secondaire ou un malus sur son effet de destin)<\/p>\n\n\n\n<p>Un point de destin peut \u00eatre consommer hors combat pour avoir un effet de destin \u00e0 +5 .<\/p>\n\n\n\n<p>Une r\u00e9surrection provoque un effet de destin \u00e0 -5<\/p>\n\n\n\n<table class=\"wp-block-table aligncenter\"><tbody><tr><td>\n<p align=\"center\"><span style=\"font-size: small;\">1<\/span><\/p>\n<\/td><td>\n<p align=\"center\"><span style=\"font-size: small;\">Poissard<\/span><\/p>\n<\/td><\/tr><tr><td>\n<p align=\"center\"><span style=\"font-size: small;\">2<\/span><\/p>\n<\/td><td>\n<p align=\"center\"><span style=\"font-size: small;\">Faible<\/span><\/p>\n<\/td><\/tr><tr><td>\n<p align=\"center\"><span style=\"font-size: small;\">3<\/span><\/p>\n<\/td><td>\n<p align=\"center\"><span style=\"font-size: small;\">Cancer Magique <\/span><\/p>\n<\/td><\/tr><tr><td>\n<p align=\"center\"><span style=\"font-size: small;\">4<\/span><\/p>\n<\/td><td>\n<p align=\"center\"><span style=\"font-size: small;\">Sourd<\/span><\/p>\n<\/td><\/tr><tr><td>\n<p align=\"center\"><span style=\"font-size: small;\">5<\/span><\/p>\n<\/td><td>\n<p align=\"center\"><span style=\"font-size: small;\">H\u00e9mophile<\/span><\/p>\n<\/td><\/tr><tr><td>\n<p align=\"center\"><span style=\"font-size: small;\">6<\/span><\/p>\n<\/td><td>\n<p align=\"center\"><span style=\"font-size: small;\">Absence de magie <\/span><\/p>\n<\/td><\/tr><tr><td>\n<p align=\"center\"><span style=\"font-size: small;\">7<\/span><\/p>\n<\/td><td>\n<p align=\"center\"><span style=\"font-size: small;\">Infirmit\u00e9<\/span><\/p>\n<\/td><\/tr><tr><td>\n<p align=\"center\"><span style=\"font-size: small;\">8<\/span><\/p>\n<\/td><td>\n<p align=\"center\"><span style=\"font-size: small;\">Mal\u00e9diction&nbsp;: vieillard<\/span><\/p>\n<\/td><\/tr><tr><td>\n<p align=\"center\"><span style=\"font-size: small;\">9<\/span><\/p>\n<\/td><td>\n<p align=\"center\"><span style=\"font-size: small;\">Pacte Satan<\/span><\/p>\n<\/td><\/tr><tr><td>\n<p align=\"center\"><span style=\"font-size: small;\">10<\/span><\/p>\n<\/td><td>\n<p align=\"center\"><span style=\"font-size: small;\">S\u00e9paration d\u2019\u00e2me<\/span><\/p>\n<\/td><\/tr><tr><td>\n<p align=\"center\"><span style=\"font-size: small;\">11<\/span><\/p>\n<\/td><td>\n<p align=\"center\"><span style=\"font-size: small;\">Amn\u00e9sie<\/span><\/p>\n<\/td><\/tr><tr><td>\n<p align=\"center\"><span style=\"font-size: small;\">12<\/span><\/p>\n<\/td><td>\n<p align=\"center\"><span style=\"font-size: small;\">Parasite<\/span><\/p>\n<\/td><\/tr><tr><td>\n<p align=\"center\"><span style=\"font-size: small;\">13<\/span><\/p>\n<\/td><td>\n<p align=\"center\"><span style=\"font-size: small;\">Aura obscure<\/span><\/p>\n<\/td><\/tr><tr><td>\n<p align=\"center\"><span style=\"font-size: small;\">14<\/span><\/p>\n<\/td><td>\n<p align=\"center\"><span style=\"font-size: small;\">Phobie<\/span><\/p>\n<\/td><\/tr><tr><td>\n<p align=\"center\"><span style=\"font-size: small;\">15<\/span><\/p>\n<\/td><td>\n<p align=\"center\"><span style=\"font-family: Liberation Serif, serif;\"><span style=\"font-size: medium;\">Mal\u00e9diction&nbsp;: protecteur<\/span><\/span><\/p>\n<\/td><\/tr><tr><td>\n<p align=\"center\"><span style=\"font-size: small;\">16<\/span><\/p>\n<\/td><td>\n<p align=\"center\"><span style=\"font-size: small;\">D\u00e9 4<\/span><\/p>\n<\/td><\/tr><tr><td>\n<p align=\"center\"><span style=\"font-size: small;\">17<\/span><\/p>\n<\/td><td>\n<p align=\"center\"><span style=\"font-size: small;\">L\u00e8pre <\/span><\/p>\n<\/td><\/tr><tr><td>\n<p align=\"center\"><span style=\"font-size: small;\">18<\/span><\/p>\n<\/td><td>\n<p align=\"center\"><span style=\"font-size: small;\">App\u00e2t<\/span><\/p>\n<\/td><\/tr><tr><td>\n<p align=\"center\"><span style=\"font-size: small;\">19<\/span><\/p>\n<\/td><td>\n<p align=\"center\"><span style=\"font-size: small;\">Narcolepsie<\/span><\/p>\n<\/td><\/tr><tr><td>\n<p align=\"center\"><span style=\"font-size: small;\">20<\/span><\/p>\n<\/td><td>\n<p align=\"center\"><span style=\"font-size: small;\"><span style=\"font-family: Liberation Serif, serif;\"><span style=\"font-size: medium;\">Mal\u00e9diction<\/span><\/span>&nbsp;: rire incontr\u00f4lable<\/span><\/p>\n<\/td><\/tr><tr><td>\n<p align=\"center\"><span style=\"font-size: small;\">21<\/span><\/p>\n<\/td><td>\n<p align=\"center\"><span style=\"font-size: small;\">Mal\u00e9diction&nbsp;: Peau de pierre<\/span><\/p>\n<\/td><\/tr><tr><td>\n<p align=\"center\"><span style=\"font-size: small;\">22<\/span><\/p>\n<\/td><td>\n<p align=\"center\"><span style=\"font-size: small;\">Carac -1 <\/span><\/p>\n<\/td><\/tr><tr><td>\n<p align=\"center\"><span style=\"font-size: small;\">23<\/span><\/p>\n<\/td><td>\n<p align=\"center\"><span style=\"font-family: Liberation Serif, serif;\"><span style=\"font-size: medium;\">Somnambulisme<\/span><\/span><\/p>\n<\/td><\/tr><tr><td>\n<p align=\"center\"><span style=\"font-size: small;\">24<\/span><\/p>\n<\/td><td>\n<p align=\"center\"><span style=\"font-size: small;\">Mal\u00e9diction : Don racial <\/span><\/p>\n<\/td><\/tr><tr><td>\n<p align=\"center\"><span style=\"font-size: small;\">25<\/span><\/p>\n<\/td><td>\n<p align=\"center\"><span style=\"font-size: small;\">Pv max -4&#8243;<\/span><\/p>\n<\/td><\/tr><tr><td>\n<p align=\"center\"><span style=\"font-size: small;\">26<\/span><\/p>\n<\/td><td>\n<p align=\"center\"><span style=\"font-size: small;\">Insomnie<\/span><\/p>\n<\/td><\/tr><tr><td>\n<p align=\"center\"><span style=\"font-size: small;\">27<\/span><\/p>\n<\/td><td>\n<p align=\"center\"><span style=\"font-size: small;\">Cadeau<\/span><\/p>\n<\/td><\/tr><tr><td>\n<p align=\"center\"><span style=\"font-size: small;\">28<\/span><\/p>\n<\/td><td>\n<p align=\"center\"><span style=\"font-size: small;\">Mal\u00e9diction&nbsp;: Fatigu\u00e9<\/span><\/p>\n<\/td><\/tr><tr><td>\n<p align=\"center\"><span style=\"font-size: small;\">29<\/span><\/p>\n<\/td><td>\n<p align=\"center\"><span style=\"font-size: small;\">Mal\u00e9diction&nbsp;: Illusion<\/span><\/p>\n<\/td><\/tr><tr><td>\n<p align=\"center\"><span style=\"font-size: small;\">30<\/span><\/p>\n<\/td><td>\n<p align=\"center\"><span style=\"font-size: small;\">Carac -1<\/span><\/p>\n<\/td><\/tr><tr><td>\n<p align=\"center\"><span style=\"font-size: small;\">31<\/span><\/p>\n<\/td><td>\n<p align=\"center\"><span style=\"font-size: small;\">Mal\u00e9diction : G\u00e9n\u00e9reux<\/span><\/p>\n<\/td><\/tr><tr><td>\n<p align=\"center\"><span style=\"font-size: small;\">32<\/span><\/p>\n<\/td><td>\n<p align=\"center\"><span style=\"font-size: small;\">Gigantisme<\/span><\/p>\n<\/td><\/tr><tr><td>\n<p align=\"center\"><span style=\"font-size: small;\">33<\/span><\/p>\n<\/td><td>\n<p align=\"center\"><span style=\"font-size: small;\">Mal\u00e9diction&nbsp;: Dette<\/span><\/p>\n<\/td><\/tr><tr><td>\n<p align=\"center\"><span style=\"font-size: small;\">34<\/span><\/p>\n<\/td><td>\n<p align=\"center\"><span style=\"font-size: small;\">Voyage monde souterrain<\/span><\/p>\n<\/td><\/tr><tr><td>\n<p align=\"center\"><span style=\"font-size: small;\">35<\/span><\/p>\n<\/td><td>\n<p align=\"center\"><span style=\"font-size: small;\">Slim &#8211;<\/span><\/p>\n<\/td><\/tr><tr><td>\n<p align=\"center\"><span style=\"font-size: small;\">36<\/span><\/p>\n<\/td><td>\n<p align=\"center\"><span style=\"font-size: small;\">Lame d\u2019\u00e2me<\/span><\/p>\n<\/td><\/tr><tr><td>\n<p align=\"center\"><span style=\"font-size: small;\">37<\/span><\/p>\n<\/td><td>\n<p align=\"center\"><span style=\"font-size: small;\">Fourrure<\/span><\/p>\n<\/td><\/tr><tr><td>\n<p align=\"center\"><span style=\"font-size: small;\">38<\/span><\/p>\n<\/td><td>\n<p align=\"center\"><span style=\"font-size: small;\">Sang de b\u00eate<\/span><\/p>\n<\/td><\/tr><tr><td>\n<p align=\"center\"><span style=\"font-size: small;\">39<\/span><\/p>\n<\/td><td>\n<p align=\"center\"><span style=\"font-size: small;\">Nanisme<\/span><\/p>\n<\/td><\/tr><tr><td>\n<p align=\"center\"><span style=\"font-size: small;\">40<\/span><\/p>\n<\/td><td>\n<p align=\"center\"><span style=\"font-size: small;\">N\u0153ud de magie<\/span><\/p>\n<\/td><\/tr><tr><td>\n<p align=\"center\"><span style=\"font-size: small;\">41<\/span><\/p>\n<\/td><td>\n<p align=\"center\"><span style=\"font-size: small;\">Go\u00fbt du sang<\/span><\/p>\n<\/td><\/tr><tr><td>\n<p align=\"center\"><span style=\"font-size: small;\">42<\/span><\/p>\n<\/td><td>\n<p align=\"center\"><span style=\"font-size: small;\">Destin\u00e9 <\/span><\/p>\n<\/td><\/tr><tr><td>\n<p align=\"center\"><span style=\"font-size: small;\">43<\/span><\/p>\n<\/td><td>\n<p align=\"center\"><span style=\"font-size: small;\">Explosion de vie<\/span><\/p>\n<\/td><\/tr><tr><td>\n<p align=\"center\"><span style=\"font-size: small;\">44<\/span><\/p>\n<\/td><td> <br> Mutation&nbsp;animal  <\/td><\/tr><tr><td>\n<p align=\"center\"><span style=\"font-size: small;\">45<\/span><\/p>\n<\/td><td>  <br><br> Mutation&nbsp;magique  <\/td><\/tr><tr><td>\n<p align=\"center\"><span style=\"font-size: small;\">46<\/span><\/p>\n<\/td><td><br> Communion racial  <\/td><\/tr><tr><td>\n<p align=\"center\"><span style=\"font-size: small;\">47<\/span><\/p>\n<\/td><td>  Ami d\u2019ombre <\/td><\/tr><tr><td>\n<p align=\"center\"><span style=\"font-size: small;\">48<\/span><\/p>\n<\/td><td>\n<p align=\"center\"><span style=\"font-size: small;\">Rarification magique<\/span><\/p>\n<\/td><\/tr><tr><td>\n<p align=\"center\"><span style=\"font-size: small;\">49<\/span><\/p>\n<\/td><td>\n<p align=\"center\"><span style=\"font-size: small;\">Objet trouv\u00e9<\/span><\/p>\n<\/td><\/tr><tr><td>\n<p align=\"center\"><span style=\"font-size: small;\">50<\/span><\/p>\n<\/td><td>\n<p align=\"center\"><span style=\"font-size: small;\">Objet trouv\u00e9<\/span><\/p>\n<\/td><\/tr><tr><td>\n<p align=\"center\"><span style=\"font-size: small;\">51<\/span><\/p>\n<\/td><td>\n<p align=\"center\"><span style=\"font-size: small;\">Objet trouv\u00e9<\/span><\/p>\n<\/td><\/tr><tr><td>\n<p align=\"center\"><span style=\"font-size: small;\">52<\/span><\/p>\n<\/td><td>\n<p align=\"center\"><span style=\"font-size: small;\">Accroissement magique<\/span><\/p>\n<\/td><\/tr><tr><td>\n<p align=\"center\"><span style=\"font-size: small;\">53<\/span><\/p>\n<\/td><td>\n<p align=\"center\"><span style=\"font-size: small;\">L\u00e9gende<\/span><\/p>\n<\/td><\/tr><tr><td>\n<p align=\"center\"><span style=\"font-size: small;\">54<\/span><\/p>\n<\/td><td>          Mutation&nbsp;animal  <\/td><\/tr><tr><td>\n<p align=\"center\"><span style=\"font-size: small;\">55<\/span><\/p>\n<\/td><td>\n<p align=\"center\"><span style=\"font-size: small;\">Explosion de pouvoir<\/span><\/p>\n<\/td><\/tr><tr><td>\n<p align=\"center\"><span style=\"font-size: small;\">56<\/span><\/p>\n<\/td><td>\n<p align=\"center\"><span style=\"font-size: small;\">Transfert de vie<\/span><\/p>\n<\/td><\/tr><tr><td>\n<p align=\"center\"><span style=\"font-size: small;\">57<\/span><\/p>\n<\/td><td> <p align=\"center\"><span style=\"font-size: small;\">Mutation magique<\/span><\/p> <\/td><\/tr><tr><td>\n<p align=\"center\"><span style=\"font-size: small;\">58<\/span><\/p>\n<\/td><td>Chant de sir\u00e8ne    <\/td><\/tr><tr><td>\n<p align=\"center\"><span style=\"font-size: small;\">59<\/span><\/p>\n<\/td><td>\n<p align=\"center\"><span style=\"font-size: small;\">Nyctalopie<\/span><\/p>\n<\/td><\/tr><tr><td>\n<p align=\"center\"><span style=\"font-size: small;\">60<\/span><\/p>\n<\/td><td> <p align=\"center\"><span style=\"font-size: small;\">Choix<\/span><\/p> <\/td><\/tr><tr><td>\n<p align=\"center\"><span style=\"font-size: small;\">61<\/span><\/p>\n<\/td><td>\n<p align=\"center\"><span style=\"font-size: small;\">Acidification<\/span><\/p>\n<\/td><\/tr><tr><td>\n<p align=\"center\"><span style=\"font-size: small;\">62<\/span><\/p>\n<\/td><td>\n<p align=\"center\"><span style=\"font-size: small;\">Fan de potion<\/span><\/p>\n<\/td><\/tr><tr><td>\n<p align=\"center\"><span style=\"font-size: small;\">63<\/span><\/p>\n<\/td><td>\n<p align=\"center\"><span style=\"font-size: small;\">Rush<\/span><\/p>\n<\/td><\/tr><tr><td>\n<p align=\"center\"><span style=\"font-size: small;\">64<\/span><\/p>\n<\/td><td>\n<p align=\"center\"><span style=\"font-size: small;\">Etherisation<\/span><\/p>\n<\/td><\/tr><tr><td>\n<p align=\"center\"><span style=\"font-size: small;\">65<\/span><\/p>\n<\/td><td>\n<p align=\"center\"><span style=\"font-size: small;\">Pyrotechnie<\/span><\/p>\n<\/td><\/tr><tr><td>\n<p align=\"center\"><span style=\"font-size: small;\">66<\/span><\/p>\n<\/td><td>\n<p align=\"center\"><span style=\"font-size: small;\">Connaissance <\/span><\/p>\n<\/td><\/tr><tr><td>\n<p align=\"center\"><span style=\"font-size: small;\">67<\/span><\/p>\n<\/td><td>\n<p align=\"center\"><span style=\"font-size: small;\">Potion R<\/span><\/p>\n<\/td><\/tr><tr><td>\n<p align=\"center\"><span style=\"font-size: small;\">68<\/span><\/p>\n<\/td><td>\n<p align=\"center\"><span style=\"font-size: small;\">Pv max +4<\/span><\/p>\n<\/td><\/tr><tr><td>\n<p align=\"center\"><span style=\"font-size: small;\">69<\/span><\/p>\n<\/td><td>\n<p align=\"center\"><span style=\"font-size: small;\">Charme<\/span><\/p>\n<\/td><\/tr><tr><td>\n<p align=\"center\"><span style=\"font-size: small;\">70<\/span><\/p>\n<\/td><td>\n<p align=\"center\"><span style=\"font-size: small;\">Arme li\u00e9<\/span><\/p>\n<\/td><\/tr><tr><td>\n<p align=\"center\"><span style=\"font-size: small;\">71<\/span><\/p>\n<\/td><td>\n<p align=\"center\"><span style=\"font-size: small;\">Caract\u00e9ristique +1<\/span><\/p>\n<\/td><\/tr><tr><td>\n<p align=\"center\"><span style=\"font-size: small;\">72<\/span><\/p>\n<\/td><td>\n<p align=\"center\"><span style=\"font-size: small;\">1d4 pi\u00e8ces de Satan<\/span><\/p>\n<\/td><\/tr><tr><td>\n<p align=\"center\"><span style=\"font-size: small;\">73<\/span><\/p>\n<\/td><td>\n<p align=\"center\"><span style=\"font-size: small;\">Ph\u00e9nix<\/span><\/p>\n<\/td><\/tr><tr><td>\n<p align=\"center\"><span style=\"font-size: small;\">74<\/span><\/p>\n<\/td><td>\n<p align=\"center\"><span style=\"font-size: small;\">Sixi\u00e8me sens<\/span><\/p>\n<\/td><\/tr><tr><td>\n<p align=\"center\"><span style=\"font-size: small;\">75<\/span><\/p>\n<\/td><td>\n<p align=\"center\"><span style=\"font-size: small;\">Tatouage sacr\u00e9&nbsp;: oc\u00e9an<\/span><\/p>\n<\/td><\/tr><tr><td>\n<p align=\"center\"><span style=\"font-size: small;\">76<\/span><\/p>\n<\/td><td>\n<p align=\"center\"><span style=\"font-size: small;\">Passe muraille<\/span><\/p>\n<\/td><\/tr><tr><td>\n<p align=\"center\"><span style=\"font-size: small;\">77<\/span><\/p>\n<\/td><td>\n<p align=\"center\"><span style=\"font-size: small;\">Perception accru<\/span><\/p>\n<\/td><\/tr><tr><td>\n<p align=\"center\"><span style=\"font-size: small;\">78<\/span><\/p>\n<\/td><td>\n<p align=\"center\"><span style=\"font-size: small;\">Guide c\u00e9leste<\/span><\/p>\n<\/td><\/tr><tr><td>\n<p align=\"center\"><span style=\"font-size: small;\">79<\/span><\/p>\n<\/td><td>\n<p align=\"center\"><span style=\"font-size: small;\">Amphibie<\/span><\/p>\n<\/td><\/tr><tr><td>\n<p align=\"center\"><span style=\"font-size: small;\">80<\/span><\/p>\n<\/td><td>\n<p align=\"center\"><span style=\"font-size: small;\">B\u00e9n\u00e9diction : Don racial <\/span><\/p>\n<\/td><\/tr><tr><td>\n<p align=\"center\"><span style=\"font-size: small;\">81<\/span><\/p>\n<\/td><td>\n<p align=\"center\"><span style=\"font-size: small;\">Tatouage : Langue animal<\/span><\/p>\n<\/td><\/tr><tr><td>\n<p align=\"center\"><span style=\"font-size: small;\">82<\/span><\/p>\n<\/td><td>\n<p align=\"center\"><span style=\"font-size: small;\">slimy+<\/span><\/p>\n<\/td><\/tr><tr><td>\n<p align=\"center\"><span style=\"font-size: small;\">83<\/span><\/p>\n<\/td><td>\n<p align=\"center\"><span style=\"font-size: small;\">\u00c9cailles d\u2019acier<\/span><\/p>\n<\/td><\/tr><tr><td>\n<p align=\"center\"><span style=\"font-size: small;\">84<\/span><\/p>\n<\/td><td>\n<p align=\"center\"><span style=\"font-size: small;\">B\u00e9n\u00e9diction&nbsp;: dette<\/span><\/p>\n<\/td><\/tr><tr><td>\n<p align=\"center\"><span style=\"font-size: small;\">85<\/span><\/p>\n<\/td><td>\n<p align=\"center\"><span style=\"font-size: small;\">Transe de repos<\/span><\/p>\n<\/td><\/tr><tr><td>\n<p align=\"center\"><span style=\"font-size: small;\">86<\/span><\/p>\n<\/td><td>\n<p align=\"center\"><span style=\"font-size: small;\">Aura de confiance<\/span><\/p>\n<\/td><\/tr><tr><td>\n<p align=\"center\"><span style=\"font-size: small;\">87<\/span><\/p>\n<\/td><td>\n<p align=\"center\"><span style=\"font-size: small;\">Chanceux<\/span><\/p>\n<\/td><\/tr><tr><td>\n<p align=\"center\"><span style=\"font-size: small;\">88<\/span><\/p>\n<\/td><td>\n<p align=\"center\"><span style=\"font-size: small;\">Illumination<\/span><\/p>\n<\/td><\/tr><tr><td>\n<p align=\"center\"><span style=\"font-size: small;\">89<\/span><\/p>\n<\/td><td>\n<p align=\"center\"><span style=\"font-size: small;\">\u00c9veil \u00e9l\u00e9mentaire<\/span><\/p>\n<\/td><\/tr><tr><td>\n<p align=\"center\"><span style=\"font-size: small;\">90<\/span><\/p>\n<\/td><td>\n<p align=\"center\"><span style=\"font-size: small;\">Am\u00e9lioration pouvoir racial<\/span><\/p>\n<\/td><\/tr><tr><td>\n<p align=\"center\"><span style=\"font-size: small;\">91<\/span><\/p>\n<\/td><td>\n<p align=\"center\"><span style=\"font-size: small;\">Voyage astral<\/span><\/p>\n<\/td><\/tr><tr><td>\n<p align=\"center\"><span style=\"font-size: small;\">92<\/span><\/p>\n<\/td><td>\n<p align=\"center\"><span style=\"font-size: small;\">M\u00e9tamorphe<\/span><\/p>\n<\/td><\/tr><tr><td>\n<p align=\"center\"><span style=\"font-size: small;\">93<\/span><\/p>\n<\/td><td>\n<p align=\"center\"><span style=\"font-size: small;\">Indolore<\/span><\/p>\n<\/td><\/tr><tr><td>\n<p align=\"center\"><span style=\"font-size: small;\">94<\/span><\/p>\n<\/td><td>\n<p align=\"center\"><span style=\"font-size: small;\">Xp ! <\/span><\/p>\n<\/td><\/tr><tr><td>\n<p align=\"center\"><span style=\"font-size: small;\">95<\/span><\/p>\n<\/td><td>\n<p align=\"center\"><span style=\"font-size: small;\">\u00c9nergie magique accru<\/span><\/p>\n<\/td><\/tr><tr><td>\n<p align=\"center\"><span style=\"font-size: small;\">96<\/span><\/p>\n<\/td><td>\n<p align=\"center\"><span style=\"font-size: small;\">Canalisation<\/span><\/p>\n<\/td><\/tr><tr><td>\n<p align=\"center\"><span style=\"font-size: small;\">97<\/span><\/p>\n<\/td><td>\n<p align=\"center\"><span style=\"font-size: small;\">R\u00e9g\u00e9n\u00e9rant<\/span><\/p>\n<\/td><\/tr><tr><td>\n<p align=\"center\"><span style=\"font-size: small;\">98<\/span><\/p>\n<\/td><td>\n<p align=\"center\"><span style=\"font-size: small;\">Clef<\/span><\/p>\n<\/td><\/tr><tr><td>\n<p align=\"center\"><span style=\"font-size: small;\">99<\/span><\/p>\n<\/td><td>\n<p align=\"center\"><span style=\"font-size: small;\">T\u00e9l\u00e9portation<\/span><\/p>\n<\/td><\/tr><tr><td>\n<p align=\"center\"><span style=\"font-size: small;\">100<\/span><\/p>\n<\/td><td> <p align=\"center\"><span style=\"font-size: small;\">Chance primordial<\/span><\/p> <\/td><\/tr><\/tbody><\/table>\n","protected":false},"excerpt":{"rendered":"<p>Les joueurs peut utiliser des points de destins pour alt\u00e9rer la r\u00e9alit\u00e9. A chaque utilisation de points de destins ils tirent un effet de destin al\u00e9atoire (sur 1d100). Il y aura le choix entre 3 effets correspondant au jet de d\u00e9 et adjacent. En cas d&#8217;effet &lt;10 ou sup\u00e9rieur \u00e0 90 il y a un &hellip; <a href=\"https:\/\/old.lagornis.fr\/?page_id=233\" class=\"more-link\">Continue reading <span class=\"screen-reader-text\">Points de destins<\/span> <span class=\"meta-nav\">&rarr;<\/span><\/a><\/p>\n","protected":false},"author":1,"featured_media":0,"parent":0,"menu_order":0,"comment_status":"open","ping_status":"closed","template":"","meta":{"footnotes":""},"class_list":["post-233","page","type-page","status-publish","hentry"],"_links":{"self":[{"href":"https:\/\/old.lagornis.fr\/index.php?rest_route=\/wp\/v2\/pages\/233","targetHints":{"allow":["GET"]}}],"collection":[{"href":"https:\/\/old.lagornis.fr\/index.php?rest_route=\/wp\/v2\/pages"}],"about":[{"href":"https:\/\/old.lagornis.fr\/index.php?rest_route=\/wp\/v2\/types\/page"}],"author":[{"embeddable":true,"href":"https:\/\/old.lagornis.fr\/index.php?rest_route=\/wp\/v2\/users\/1"}],"replies":[{"embeddable":true,"href":"https:\/\/old.lagornis.fr\/index.php?rest_route=%2Fwp%2Fv2%2Fcomments&post=233"}],"version-history":[{"count":0,"href":"https:\/\/old.lagornis.fr\/index.php?rest_route=\/wp\/v2\/pages\/233\/revisions"}],"wp:attachment":[{"href":"https:\/\/old.lagornis.fr\/index.php?rest_route=%2Fwp%2Fv2%2Fmedia&parent=233"}],"curies":[{"name":"wp","href":"https:\/\/api.w.org\/{rel}","templated":true}]}}