{"id":2316,"date":"2019-04-15T16:55:13","date_gmt":"2019-04-15T14:55:13","guid":{"rendered":"http:\/\/lagornis.monbacasable.fr\/?p=2316"},"modified":"2019-04-15T16:55:13","modified_gmt":"2019-04-15T14:55:13","slug":"bouctours","status":"publish","type":"page","link":"https:\/\/old.lagornis.fr\/?page_id=2316","title":{"rendered":"Bouctours"},"content":{"rendered":"\n<p>Les bouctours sont des cr\u00e9atures magiques vivant \u00e0 l&#8217;est de Lagornis, ils ont l&#8217;apparence d\u2019\u00e9normes ours (longueur : 200-280cm, poids : 300-500kg), g\u00e9nralement noir ou brun. Ils sont distinguable par leur massive corne enroul\u00e9 au centre de leur front ( <a href=\"https:\/\/commons.wikimedia.org\/wiki\/File:Capra_aegagrus_hircus_qtl4.jpg?uselang=fr\">image<\/a> ), source principal de leur magie. Ces cr\u00e9atures pacifiques et v\u00e9getariennes peuvent se changer en machines \u00e0 tuer si leur projeniture est menacer (en cas de dangers sur elles m\u00eame, ils ont tendances a fuir). Ils utilisent une magie d&#8217;alt\u00e9ration de la r\u00e9alit\u00e9 pour se d\u00e9fendre. Ils font partie de la m\u00e9nagerie de Jenny<\/p>\n\n\n\n<p>Une des raisons suppl\u00e9mentaires pour laquelle ils ont \u00e9t\u00e9 chass\u00e9 est cette corne distinctive , qui se trouve \u00eatre une corne d&#8217;abondance (peut g\u00e9n\u00e9r\u00e9 toute boisson et nourriture (v\u00e9g\u00e9tarienne), limit\u00e9 a 30kg|l \/ jours ) . <\/p>\n\n\n\n<p>D\u00e9tails suppl\u00e9mentaires : certains aventuriers ont d\u00e9couvert (et largement racont\u00e9 a travers le monde) que les bouctours n&#8217;ont pas d&#8217;anus .  La personne  apparemment responsable de cette rumeur a depuis essayer de dire que cela n\u2019\u00e9tait qu&#8217;une blague mais malgr\u00e9 cela la rumeur continue de croitre <\/p>\n","protected":false},"excerpt":{"rendered":"<p>Les bouctours sont des cr\u00e9atures magiques vivant \u00e0 l&#8217;est de Lagornis, ils ont l&#8217;apparence d\u2019\u00e9normes ours (longueur : 200-280cm, poids : 300-500kg), g\u00e9nralement noir ou brun. Ils sont distinguable par leur massive corne enroul\u00e9 au centre de leur front ( image ), source principal de leur magie. Ces cr\u00e9atures pacifiques et v\u00e9getariennes peuvent se changer &hellip; <a href=\"https:\/\/old.lagornis.fr\/?page_id=2316\" class=\"more-link\">Continue reading <span class=\"screen-reader-text\">Bouctours<\/span> <span class=\"meta-nav\">&rarr;<\/span><\/a><\/p>\n","protected":false},"author":1,"featured_media":0,"parent":2230,"menu_order":0,"comment_status":"open","ping_status":"closed","template":"","meta":{"footnotes":""},"class_list":["post-2316","page","type-page","status-publish","hentry"],"_links":{"self":[{"href":"https:\/\/old.lagornis.fr\/index.php?rest_route=\/wp\/v2\/pages\/2316","targetHints":{"allow":["GET"]}}],"collection":[{"href":"https:\/\/old.lagornis.fr\/index.php?rest_route=\/wp\/v2\/pages"}],"about":[{"href":"https:\/\/old.lagornis.fr\/index.php?rest_route=\/wp\/v2\/types\/page"}],"author":[{"embeddable":true,"href":"https:\/\/old.lagornis.fr\/index.php?rest_route=\/wp\/v2\/users\/1"}],"replies":[{"embeddable":true,"href":"https:\/\/old.lagornis.fr\/index.php?rest_route=%2Fwp%2Fv2%2Fcomments&post=2316"}],"version-history":[{"count":0,"href":"https:\/\/old.lagornis.fr\/index.php?rest_route=\/wp\/v2\/pages\/2316\/revisions"}],"up":[{"embeddable":true,"href":"https:\/\/old.lagornis.fr\/index.php?rest_route=\/wp\/v2\/pages\/2230"}],"wp:attachment":[{"href":"https:\/\/old.lagornis.fr\/index.php?rest_route=%2Fwp%2Fv2%2Fmedia&parent=2316"}],"curies":[{"name":"wp","href":"https:\/\/api.w.org\/{rel}","templated":true}]}}