{"id":23,"date":"2017-10-05T15:36:22","date_gmt":"2017-10-05T13:36:22","guid":{"rendered":"http:\/\/lagornis.monbacasable.fr\/?p=23"},"modified":"2017-10-05T15:36:22","modified_gmt":"2017-10-05T13:36:22","slug":"races","status":"publish","type":"page","link":"https:\/\/old.lagornis.fr\/?page_id=23","title":{"rendered":"Races"},"content":{"rendered":"\n<p>Note : {PV:8 PM:8 AR:4; Max:Dex;Min:FO Dex,Int +1} signifie : &#8220;le personnage commence avec 8 points de vie et 8 points de magie, ainsi que 4 points \u00e0 repartir entre la vie et la magie. La caract\u00e9ristique maximal est la Dext\u00e9rit\u00e9 (il ne peut pas avoir de caract\u00e9ristique plus \u00e9lever (\u00e0 la cr\u00e9ation) que celle ci), et la caract\u00e9ristique minimal est la Force. Chaque caract\u00e9ristique commence niveau 1, sauf la dext\u00e9rit\u00e9 et l&#8217;intelligence qui commence avec 2 points. &#8220;<\/p>\n\n\n\n<p>Toutes la races jouables (sauf exception), sont les races constituante de l&#8217;humanit\u00e9. Elles peuvent \u00eatre d\u00e9sign\u00e9 comme humain librement.<\/p>\n\n\n\n<h3 class=\"wp-block-heading\">Races courantes<\/h3>\n\n\n\n<p>Ce sont les races les plus communes dans lagornis,&nbsp; leur esp\u00e9rance de vie est de 100 ans.<\/p>\n\n\n\n<p>Patho : <a href=\"http:\/\/lagornis.fr\/pouvoirs-raciaux-ameliorees\/#telepathie\">T\u00e9l\u00e9pathie<\/a> ( l&#8217;intelligence fait varier la discr\u00e9tion et la port\u00e9e )<br>PV5 AR : 15 SOC+1<br>Les patho ont une apparence physique classique d&#8217;humain. Ils sont la race la plus repr\u00e9sent\u00e9 dans lagornis. Chance : 40<\/p>\n\n\n\n<p>Orcs : <a href=\"http:\/\/lagornis.fr\/pouvoirs-raciaux-ameliorees\/#berzerk\">Berserk <\/a> (accro\u00eet la force, r\u00e9duit la r\u00e9sistance et la sensibilit\u00e9 temporairement. La Con augmente l&#8217;effet )<br>PV:13 PM : 2 AR : 5 . Max : FO; Min : DEX, FO,CON +1<br>Les orcs sont des humano\u00efdes, plus grand que les humains (taille moyenne 195 cm) \u00e0 la peau verd\u00e2tre,g\u00e9n\u00e9ralement avec une musculature imposante, ils sont plut\u00f4t rare dans les royaumes vivant principalement en clan dans les terres orcs (au nord)   Chance : 30 <\/p>\n\n\n\n<p>F\u00e9es :<a href=\"http:\/\/lagornis.fr\/pouvoirs-raciaux-ameliorees\/#cleps\">CLEPS <\/a>( R\u00e9duit la perception du reste du monde \u00e0 son \u00e9gard )<br>PV:9 PM:8 AR:3, Max:INT;Min:CONS INT,SOC +1<br>Les f\u00e9es sont des femmes, plus petites que les humains (moy : 160cm), leur caract\u00e9ristique principal sont leurs ailes de libellules : elles leur permettent de voler un peu (le fait de voler est aussi \u00e9prouvant que sprinter et pas plus rapide, elles ne vole que rarement), elles sont m\u00ealer au populations du royaume.<br>Gain du talent &#8220;<a href=\"http:\/\/lagornis.fr\/talents\/#Leger\">l\u00e9g\u00e8ret\u00e9<\/a>&#8221;   Chance : 50 <\/p>\n\n\n\n<p>Gnomes :<a href=\"http:\/\/lagornis.fr\/pouvoirs-raciaux-ameliorees\/#kine\">T\u00e9l\u00e9kin\u00e9sie <\/a> ( la Magie influence la puissance )<br>PV:8 PM:5 AR:7 Max:ADR,Min:FO ADR,DEX+1<br>Les gnomes sont des \u00eatres petits (moy :125cm) anthropomorphe, avec une peau grise, \u00e9tir\u00e9 (pens\u00e9 golum pour visualiser). Ils vivent dans les cit\u00e9s des hommes et des nains, o\u00f9 ils ont g\u00e9n\u00e9ralement des travaux de pr\u00e9cision (scriptes ing\u00e9nieur &#8230; )   Chance : 50 <\/p>\n\n\n\n<p>Nains :<a href=\"http:\/\/lagornis.fr\/pouvoirs-raciaux-ameliorees\/#pierre\">Peau de pierre<\/a> Peau de pierre ( Renforce sa peau , augmente la r\u00e9sistance et le pugilats)<br>PV:11 PM:2 AR:7, Max:CON,Min:ADR  FO,CON+1<br>Les nains sont des nains (moy:140cm), plut\u00f4t associable ils vivent dans leur cit\u00e9s des montagnes entre eux.   Chance : 40 <\/p>\n\n\n\n<p>Elfes :<a href=\"http:\/\/lagornis.fr\/pouvoirs-raciaux-ameliorees\/#sylv\">Don Sylvestre<\/a> ( Manipule et influence les plantes )<br>PV:10,PM:5 AR:5; Max:MAG;Min:SOC Mag,ADR+1<br>Les elfes sont des humano\u00efdes (avec des oreilles pointues, quand m\u00eame) (moy : 175cm), carr\u00e9ment insociable, et g\u00e9n\u00e9ralement d\u00e9testant les nains, ils consid\u00e9res les villes humaines comme des abominations et pr\u00e9f\u00e8rent pour la plupart en restant \u00e9loign\u00e9, ils restent entre eux dans leurs forets.   Chance : 40 <\/p>\n\n\n\n<p>Fourtar : <a href=\"http:\/\/lagornis.fr\/pouvoirs-raciaux-ameliorees\/#generator\">G\u00e9n\u00e9rator <\/a> (Peut cr\u00e9e de petit objets, propri\u00e9t\u00e9s du mat\u00e9riau variable )<br>PV:8 PM:8 AR:4; Max:Dex;Min:FO Dex,Int +1<br>Les Fourtar sont des petites personnes (~1m30)poss\u00e9dant une fourrure, des oreilles et une queue de renard. Ils vivent dans la citadelle o\u00f9 ils sont g\u00e9n\u00e9ralement ing\u00e9nieur.   Chance : 50 <\/p>\n\n\n\n<p>Lezlo : \u00c9voluer (passif)<br>PV:13,PM2 AR:5; Max:Cons;Min:Dex Cons,Adr +1<br>Les lezlo sont de grands hommes l\u00e9zard (~1m95), leur peau est recouverte d\u2019\u00e9cailles, particuli\u00e8rement r\u00e9sistantes, ils sont la seule esp\u00e8ce civilis\u00e9 capable de vivre dans les marrais du nord. Ils ont perdu leur pouvoir raciale au profit d&#8217;un certain nombre d\u2019\u00e9volution physique. La couleur de leur ecailles changent en fonction de leur environnement apr\u00e8s quelques ann\u00e9es (dans les marrais ils sont g\u00e9n\u00e9ralement vert, mais on voie \u00e9galement des lezlo gris dans les villes..   Chance : 30 <\/p>\n\n\n\n<p>Lezlo du d\u00e9sert : Une seconde esp\u00e8ce de lezlo vivant \u00e0 tomebatia, leur \u00e9volution a subit quelques divergentes du \u00e0 leur environnement. Leurs \u00e9cailles sont g\u00e9n\u00e9ralement jaune orang\u00e9, et leur capacit\u00e9 de survie sont plus adapt\u00e9 aux environnements chaud que mar\u00e9cageux   Chance : 30 <\/p>\n\n\n\n<p>Esp\u00e9rance de vie : 120 ans.<br>\u00c9voluer (en cour de r\u00e9\u00e9criture ) : Armure+1,Immunit\u00e9 maladie, apn\u00e9e sup\u00e9rieur, vision thermique (courte distance), sang froid, amagie(r\u00e9sistances aux flair magique)<\/p>\n\n\n\n<p><strong>Races rares<\/strong><\/p>\n\n\n\n<p>Drows : <a href=\"http:\/\/lagornis.fr\/pouvoirs-raciaux-ameliorees\/#ten\">T\u00e9n\u00e8bres<\/a> , nyctalopie<br>PV:10,PM:5,AR:5; Max:Int ;Min:SOC ;Adr+1 Int+1<br>Les drows sont une race proche des elfes, a la peau noir\/bleu. Ils viennent de villages troglodyte au sommet de la chaine de montagne qui fait fronti\u00e8re entre le territoire des elfes. Les drows ont un sens profond de la sup\u00e9riorit\u00e9 raciale et r\u00e9partissent les non-drows en deux groupes : les esclaves et ceux qui ne le sont pas encore. (race librement inspir\u00e9 : http:\/\/www.pathfinder-fr.org\/Wiki\/Pathfinder-RPG.drow%20(race).ashx ).   Chance : 30 <\/p>\n\n\n\n<p>Esp\u00e9rance de vie : 80 ans.<\/p>\n\n\n\n<p>M\u00e9tamorphes :<a href=\"http:\/\/lagornis.fr\/pouvoirs-raciaux-ameliorees\/#telepathie\">Changeforme<\/a><br>10pv, 5pm, 5Ar<br>chat -> Max adr, min soc adr,dex +1<br>Aigle -> Max dex, min Cons dex,adr +1<br>Ours -> max Fo, min dex Fo, Cons +1<br>Cerf -> max Cons, min Int Cons,Fo +1<br>Une race s\u00e9parer en 4 clan pour chacun des animaux totem.   Chance : 50 <\/p>\n\n\n\n<p>Esp\u00e9rance de vie : 80 ans.<\/p>\n\n\n\n<p>Gobelin-karmique (<a href=\"http:\/\/lagornis.fr\/pouvoirs-raciaux-ameliorees\/#projection\">projection astral<\/a>) (0.80-1m) :<br>8pv,4pm,8ar. Min Fo+Cons, Max Dex ou Adr, +1 Dex,Adr.<br>+1 esquive gratuite.<br>Race non magique (Blessure l\u00e9g\u00e8re pour tout les d\u00e9g\u00e2ts. Dissimulation flaire magique)<br>Analphab\u00e8te, ne parle pas le commun.<br>Chass\u00e9 : Dans les r\u00e9gions o\u00f9 les gobelins sont agressifs, agressivit\u00e9 des passant.<br>Aprioris : Les gens sous-estime le personnage et le m\u00e9prise.<br>Goblino\u00efde : Les gobelins l\u2019appr\u00e9cient et l&#8217;estime.<\/p>\n\n\n\n<p>Esp\u00e9rance de vie : 60 ans.<\/p>\n\n\n\n<p>Vanir (<a href=\"http:\/\/lagornis.fr\/pouvoirs-raciaux-ameliorees\/#froid_glacial\">froid glacial<\/a>) (180 cm)<\/p>\n\n\n\n<p>13pv,4pm,3ar. Max : Cons, Min:Soc +1 Cons, +1 Fo<\/p>\n\n\n\n<p>Une race vivant sur l&#8217;ile de Vanir, suivant une culture de l&#8217;honneur et du combat. Les rares Vanirs qui voyage jusqu\u2019\u00e0 lagornis via l&#8217;un des portail sont des combattants venu prouv\u00e9 leur courage.   Chance : 40 <\/p>\n\n\n\n<p>Esp\u00e9rance de vie : 100 ans.<\/p>\n\n\n\n<p>Neo draconide (sang de dragon)<\/p>\n\n\n\n<p>10pv,10pm. Max : Mag, Min : Dex. Con,Mag +1<\/p>\n\n\n\n<p>Draconides affaibli apr\u00e8s des g\u00e9n\u00e9rations.G\u00e9n\u00e9ralement issu d&#8217;une cit\u00e9 draconide cach\u00e9. D\u2019apparence humaine, mais avec la peau compos\u00e9 de petites \u00e9cailles. (La couleur varie d&#8217;un individu \u00e0 un autre, les m\u00eames couleurs que les dragons (vert,rouge,blanc,noir,bleu,argent, dor\u00e9e, marron ). La plupart de leur attribut physiques sont similaires \u00e0 ceux des humains, malgr\u00e9 un m\u00e9tabolisme plus r\u00e9sistant.   Chance : 40 <\/p>\n\n\n\n<p>Esp\u00e9rance de vie : 250 ans.<\/p>\n\n\n\n<p><strong>Races verrouill\u00e9 <\/strong>(non jouable )<\/p>\n\n\n\n<p>Draconides (ame de dragon )<\/p>\n\n\n\n<p>Esp\u00e9rance de vie : 400 ans.<\/p>\n\n\n\n<p>Marcheur onirique (<a href=\"http:\/\/lagornis.fr\/pouvoirs-raciaux-ameliorees\/#marche_reve\">Marche-r\u00eave<\/a> )<\/p>\n\n\n\n<p>15pv, 10pm, Max:Mag&nbsp; +1 All carac<\/p>\n\n\n\n<p>Des individu capable de voyager du monde physique au plan onirique. Ils poss\u00e8dent une forme animal dans le monde onirique. Il sont consid\u00e9r\u00e9 comme des cr\u00e9atures du monde souterrain (et poss\u00e8dent l\u2019allergie \u00e0 l&#8217;or ). Les marcheurs oniriques ne peuvent pas etre ressuscit\u00e9 par aucun moyen.<\/p>\n\n\n\n<p>Esp\u00e9rance de vie : 5000 ans. (Les bonus de vieillesse sont bas\u00e9 sur ceux de la race d&#8217;origine. )<\/p>\n\n\n\n<p>Immortel<br>Max :Cons. Pv: +\u221e<br>Talents : Volont\u00e9 immuable.<br>Des individu incapable de mourir, origine inconnu.<br>Esperence de vie : 80 ans (ne vieillit pas physiquement)<\/p>\n","protected":false},"excerpt":{"rendered":"<p>Note : {PV:8 PM:8 AR:4; Max:Dex;Min:FO Dex,Int +1} signifie : &#8220;le personnage commence avec 8 points de vie et 8 points de magie, ainsi que 4 points \u00e0 repartir entre la vie et la magie. La caract\u00e9ristique maximal est la Dext\u00e9rit\u00e9 (il ne peut pas avoir de caract\u00e9ristique plus \u00e9lever (\u00e0 la cr\u00e9ation) que celle &hellip; <a href=\"https:\/\/old.lagornis.fr\/?page_id=23\" class=\"more-link\">Continue reading <span class=\"screen-reader-text\">Races<\/span> <span class=\"meta-nav\">&rarr;<\/span><\/a><\/p>\n","protected":false},"author":1,"featured_media":0,"parent":2697,"menu_order":0,"comment_status":"open","ping_status":"closed","template":"template_categorie.php","meta":{"footnotes":""},"class_list":["post-23","page","type-page","status-publish","hentry"],"_links":{"self":[{"href":"https:\/\/old.lagornis.fr\/index.php?rest_route=\/wp\/v2\/pages\/23","targetHints":{"allow":["GET"]}}],"collection":[{"href":"https:\/\/old.lagornis.fr\/index.php?rest_route=\/wp\/v2\/pages"}],"about":[{"href":"https:\/\/old.lagornis.fr\/index.php?rest_route=\/wp\/v2\/types\/page"}],"author":[{"embeddable":true,"href":"https:\/\/old.lagornis.fr\/index.php?rest_route=\/wp\/v2\/users\/1"}],"replies":[{"embeddable":true,"href":"https:\/\/old.lagornis.fr\/index.php?rest_route=%2Fwp%2Fv2%2Fcomments&post=23"}],"version-history":[{"count":0,"href":"https:\/\/old.lagornis.fr\/index.php?rest_route=\/wp\/v2\/pages\/23\/revisions"}],"up":[{"embeddable":true,"href":"https:\/\/old.lagornis.fr\/index.php?rest_route=\/wp\/v2\/pages\/2697"}],"wp:attachment":[{"href":"https:\/\/old.lagornis.fr\/index.php?rest_route=%2Fwp%2Fv2%2Fmedia&parent=23"}],"curies":[{"name":"wp","href":"https:\/\/api.w.org\/{rel}","templated":true}]}}