{"id":2265,"date":"2019-03-29T18:00:03","date_gmt":"2019-03-29T17:00:03","guid":{"rendered":"http:\/\/lagornis.monbacasable.fr\/?p=2265"},"modified":"2019-03-29T18:00:03","modified_gmt":"2019-03-29T17:00:03","slug":"degats-de-chute","status":"publish","type":"page","link":"https:\/\/old.lagornis.fr\/?page_id=2265","title":{"rendered":"D\u00e9g\u00e2ts de chute"},"content":{"rendered":"\n<p>Les d\u00e9gats de chutes sont calcul\u00e9 \u00e0 partir de la hauteur de la chute, certaines comp\u00e9tences permettent de diminuer les rangs.<\/p>\n\n\n\n<p>Un rang de chute est de 3 m\u00e8tres. Chaque rangs infliges 1d6 d\u00e9g\u00e2ts (non r\u00e9ductible), si il subit plus de 5 points de d\u00e9g\u00e2ts il subit une blessure l\u00e9g\u00e8re \u00e0 chaque jambes, si il subit plus de 10 une blessure medium (entorse). Plus de 15 et c&#8217;est une blessure grave (les jambes bris\u00e9.) et le personnage tombe inconscient. <\/p>\n\n\n\n<p>Le rang maximum d&#8217;une chute est de 20 ( au dessus de 60 m\u00e8tres il n&#8217;y a pas de d6 suppl\u00e9mentaires)<\/p>\n\n\n\n<p>Si il tombe alors qu&#8217;il est inconscient\/paralyser\/entrav\u00e9, le personnage subit automatiquement les d\u00e9g\u00e2ts maximum, et lance un d100 (20% d&#8217;infliger une blessure grave \u00e0 la t\u00eate, faisant sombr\u00e9 le personnage dans le coma )<\/p>\n\n\n\n<p>Une chute de plus de 20 rangs inflige automatiquement des rangs de dommages subsidiaires (notamment divers os cass\u00e9 et h\u00e9morragies). Tout les rangs suppl\u00e9mentaires provoques une h\u00e9morragie interne infligeant 1d6 dgts\/tour. <\/p>\n\n\n\n<p>Certaines zones de chutes r\u00e9duise les rangs de chutes :<\/p>\n\n\n\n<table class=\"wp-block-table\"><tbody><tr><td>Eau peu profonde<\/td><td>-2 rangs<\/td><\/tr><tr><td>Eau profonde <\/td><td>-3 rangs<\/td><\/tr><tr><td>Terre meuble <\/td><td>-1 rang<\/td><\/tr><tr><td>Arbre <\/td><td>-2 rangs<\/td><\/tr><tr><td>Toile tendu<\/td><td>-10 rangs<\/td><\/tr><tr><td><\/td><td><\/td><\/tr><\/tbody><\/table>\n\n\n\n<p><br><\/p>\n","protected":false},"excerpt":{"rendered":"<p>Les d\u00e9gats de chutes sont calcul\u00e9 \u00e0 partir de la hauteur de la chute, certaines comp\u00e9tences permettent de diminuer les rangs. Un rang de chute est de 3 m\u00e8tres. Chaque rangs infliges 1d6 d\u00e9g\u00e2ts (non r\u00e9ductible), si il subit plus de 5 points de d\u00e9g\u00e2ts il subit une blessure l\u00e9g\u00e8re \u00e0 chaque jambes, si il &hellip; <a href=\"https:\/\/old.lagornis.fr\/?page_id=2265\" class=\"more-link\">Continue reading <span class=\"screen-reader-text\">D\u00e9g\u00e2ts de chute<\/span> <span class=\"meta-nav\">&rarr;<\/span><\/a><\/p>\n","protected":false},"author":1,"featured_media":0,"parent":0,"menu_order":0,"comment_status":"open","ping_status":"closed","template":"","meta":{"footnotes":""},"class_list":["post-2265","page","type-page","status-publish","hentry"],"_links":{"self":[{"href":"https:\/\/old.lagornis.fr\/index.php?rest_route=\/wp\/v2\/pages\/2265","targetHints":{"allow":["GET"]}}],"collection":[{"href":"https:\/\/old.lagornis.fr\/index.php?rest_route=\/wp\/v2\/pages"}],"about":[{"href":"https:\/\/old.lagornis.fr\/index.php?rest_route=\/wp\/v2\/types\/page"}],"author":[{"embeddable":true,"href":"https:\/\/old.lagornis.fr\/index.php?rest_route=\/wp\/v2\/users\/1"}],"replies":[{"embeddable":true,"href":"https:\/\/old.lagornis.fr\/index.php?rest_route=%2Fwp%2Fv2%2Fcomments&post=2265"}],"version-history":[{"count":0,"href":"https:\/\/old.lagornis.fr\/index.php?rest_route=\/wp\/v2\/pages\/2265\/revisions"}],"wp:attachment":[{"href":"https:\/\/old.lagornis.fr\/index.php?rest_route=%2Fwp%2Fv2%2Fmedia&parent=2265"}],"curies":[{"name":"wp","href":"https:\/\/api.w.org\/{rel}","templated":true}]}}