{"id":2230,"date":"2019-03-20T10:33:49","date_gmt":"2019-03-20T09:33:49","guid":{"rendered":"http:\/\/lagornis.monbacasable.fr\/?p=2230"},"modified":"2019-03-20T10:33:49","modified_gmt":"2019-03-20T09:33:49","slug":"moira","status":"publish","type":"page","link":"https:\/\/old.lagornis.fr\/?page_id=2230","title":{"rendered":"Mo\u00efra"},"content":{"rendered":"\n<p>Les mo\u00efras sont des cr\u00e9atures magiques primordiales, elles sont soit cr\u00e9\u00e9e par les entit\u00e9s primordiales (ou h\u00e9ros ) comme le bouctours, soit proviennent du chaos primordial. Ces cr\u00e9atures ignore g\u00e9n\u00e9ralement les r\u00e8gles standard de la physique . <\/p>\n\n\n\n<p>Ces cr\u00e9atures, autrefois courantes sont devenu extr\u00eamement rare \u00e0 cause d&#8217;une chasse intensive pendant l&#8217;age de la magie, ces cr\u00e9atures servent de composantes dans plusieurs sorts de m\u00e9ta-magie sup\u00e9rieurs (cr\u00e9ation de puits magiques, d\u00e9placement de rivi\u00e8res magiques, cr\u00e9ations de portail, m\u00e9tamorphose ). <\/p>\n","protected":false},"excerpt":{"rendered":"<p>Les mo\u00efras sont des cr\u00e9atures magiques primordiales, elles sont soit cr\u00e9\u00e9e par les entit\u00e9s primordiales (ou h\u00e9ros ) comme le bouctours, soit proviennent du chaos primordial. Ces cr\u00e9atures ignore g\u00e9n\u00e9ralement les r\u00e8gles standard de la physique . Ces cr\u00e9atures, autrefois courantes sont devenu extr\u00eamement rare \u00e0 cause d&#8217;une chasse intensive pendant l&#8217;age de la magie, &hellip; <a href=\"https:\/\/old.lagornis.fr\/?page_id=2230\" class=\"more-link\">Continue reading <span class=\"screen-reader-text\">Mo\u00efra<\/span> <span class=\"meta-nav\">&rarr;<\/span><\/a><\/p>\n","protected":false},"author":1,"featured_media":0,"parent":2280,"menu_order":4,"comment_status":"open","ping_status":"closed","template":"template_categorie.php","meta":{"footnotes":""},"class_list":["post-2230","page","type-page","status-publish","hentry"],"_links":{"self":[{"href":"https:\/\/old.lagornis.fr\/index.php?rest_route=\/wp\/v2\/pages\/2230","targetHints":{"allow":["GET"]}}],"collection":[{"href":"https:\/\/old.lagornis.fr\/index.php?rest_route=\/wp\/v2\/pages"}],"about":[{"href":"https:\/\/old.lagornis.fr\/index.php?rest_route=\/wp\/v2\/types\/page"}],"author":[{"embeddable":true,"href":"https:\/\/old.lagornis.fr\/index.php?rest_route=\/wp\/v2\/users\/1"}],"replies":[{"embeddable":true,"href":"https:\/\/old.lagornis.fr\/index.php?rest_route=%2Fwp%2Fv2%2Fcomments&post=2230"}],"version-history":[{"count":0,"href":"https:\/\/old.lagornis.fr\/index.php?rest_route=\/wp\/v2\/pages\/2230\/revisions"}],"up":[{"embeddable":true,"href":"https:\/\/old.lagornis.fr\/index.php?rest_route=\/wp\/v2\/pages\/2280"}],"wp:attachment":[{"href":"https:\/\/old.lagornis.fr\/index.php?rest_route=%2Fwp%2Fv2%2Fmedia&parent=2230"}],"curies":[{"name":"wp","href":"https:\/\/api.w.org\/{rel}","templated":true}]}}