{"id":2214,"date":"2019-03-19T13:35:18","date_gmt":"2019-03-19T12:35:18","guid":{"rendered":"http:\/\/lagornis.monbacasable.fr\/?p=2214"},"modified":"2019-03-19T13:35:18","modified_gmt":"2019-03-19T12:35:18","slug":"capacites-creatures","status":"publish","type":"page","link":"https:\/\/old.lagornis.fr\/?page_id=2214","title":{"rendered":"Capacit\u00e9s cr\u00e9atures"},"content":{"rendered":"\n<table class=\"wp-block-table alignfull\"><tbody><tr><td>Domesticable<\/td><td>peut \u00eatre apprivois\u00e9 (n\u00e9cessite la neutralisation (soit mettre la cr\u00e9ature KO, soit intimidation (peut \u00eatre r\u00e9duit en \u00e9liminant d&#8217;autres membres de sa meute -1,ou son chef -3 ) <br> Puis un jet de dressage (peut \u00eatre diminu\u00e9 en fournissant une nourriture adequate.<\/td><\/tr><tr><td>Bond<\/td><td>Peut faire des sauts loin ou haut. <\/td><\/tr><tr><td>Planeur<\/td><td>Apr\u00e8s un saut, peut conserver son altitude pendant plusieurs secondes.<\/td><\/tr><tr><td>Multiattack (liste des attaques<\/td><td>Peut effectuer plusieurs attaques dans une m\u00eame action (la liste des actions possibles est dans la liste de la comp\u00e9tence ) <\/td><\/tr><tr><td>Volant<\/td><td>Est capable de voler. (Peut varier en vitesse et possibilit\u00e9 en fonction de la source de cette capacit\u00e9). <br>Ailes : N\u00e9cessite libert\u00e9 de mouvement. <br>Magique : Peut fonctionner m\u00eame inconscient.<br><\/td><\/tr><tr><td>R\u00e9sistance aux attaques physiques<\/td><td>Subit seulement 50% des degats non magique inflig\u00e9. (La r\u00e9sistance disparait face \u00e0 une attaque o\u00f9 la cr\u00e9ature est sensible) <br><\/td><\/tr><tr><td>Cr\u00e9ature magique<\/td><td>Est sensible aux mat\u00e9riaux affectant les cr\u00e9atures magiques (argent, acier h\u00e9roique)<br><\/td><\/tr><tr><td>Monde sans magie<\/td><td>Vient d&#8217;un monde sans magie, n&#8217;a pas de capacit\u00e9 de resist\u00e9 \u00e0 un effet magique ou de percevoir les effets magiques (si ils sont subtiles ). <br>Les sorts les affectant ont toujours leur effet maximum (dans la mesure o\u00f9 ils arrivent \u00e0 toucher la cible).Ils n&#8217;ont pas de carac de MAG<br><\/td><\/tr><tr><td>Monde psychique<\/td><td>Vient d&#8217;un monde o\u00f9 les capacit\u00e9s t\u00e9l\u00e9pathiques sont courants, ils sont capable de ressentir un effet psychique et d&#8217;essayer d&#8217;y r\u00e9sister.<\/td><\/tr><tr><td>R\u00e9sistant \u00e0 la magie<\/td><td>Ne subit que la moiti\u00e9 des effets magiques.<\/td><\/tr><tr><td>Flair magique<\/td><td>Perception magique passive +30.<\/td><\/tr><tr><td>Esquive automatique<\/td><td>La premi\u00e8re attaque subit \u00e0 chaque tour est gratuitement annul\u00e9. (en fonction de la cr\u00e9ature, elle se t\u00e9l\u00e9porte, bouge extr\u00eamement vite, a une forme d\u2019\u00e9nergie qui bloque l&#8217;attaque<\/td><\/tr><tr><td>R\u00e9g\u00e9n\u00e9rant<\/td><td>Regagne 1d10pv chaque tour<\/td><\/tr><tr><td>Reconstituant<\/td><td>Ses blessures se r\u00e9sorbe chaque tour, ses membres perdu repousse en 2 tour.<\/td><\/tr><tr><td>Esquives multiple X<\/td><td>Peux esquive X fois par tour<\/td><\/tr><tr><td>Paralysant<\/td><td>Sur contact avec la peau : test cons vs 12. Echec subit un malus physique de 1 (cumulable, -6 provoque paralysie complete)<\/td><\/tr><\/tbody><\/table>\n","protected":false},"excerpt":{"rendered":"<p>Domesticable peut \u00eatre apprivois\u00e9 (n\u00e9cessite la neutralisation (soit mettre la cr\u00e9ature KO, soit intimidation (peut \u00eatre r\u00e9duit en \u00e9liminant d&#8217;autres membres de sa meute -1,ou son chef -3 ) Puis un jet de dressage (peut \u00eatre diminu\u00e9 en fournissant une nourriture adequate. Bond Peut faire des sauts loin ou haut. Planeur Apr\u00e8s un saut, peut &hellip; <a href=\"https:\/\/old.lagornis.fr\/?page_id=2214\" class=\"more-link\">Continue reading <span class=\"screen-reader-text\">Capacit\u00e9s cr\u00e9atures<\/span> <span class=\"meta-nav\">&rarr;<\/span><\/a><\/p>\n","protected":false},"author":1,"featured_media":0,"parent":46,"menu_order":0,"comment_status":"open","ping_status":"closed","template":"","meta":{"footnotes":""},"class_list":["post-2214","page","type-page","status-publish","hentry"],"_links":{"self":[{"href":"https:\/\/old.lagornis.fr\/index.php?rest_route=\/wp\/v2\/pages\/2214","targetHints":{"allow":["GET"]}}],"collection":[{"href":"https:\/\/old.lagornis.fr\/index.php?rest_route=\/wp\/v2\/pages"}],"about":[{"href":"https:\/\/old.lagornis.fr\/index.php?rest_route=\/wp\/v2\/types\/page"}],"author":[{"embeddable":true,"href":"https:\/\/old.lagornis.fr\/index.php?rest_route=\/wp\/v2\/users\/1"}],"replies":[{"embeddable":true,"href":"https:\/\/old.lagornis.fr\/index.php?rest_route=%2Fwp%2Fv2%2Fcomments&post=2214"}],"version-history":[{"count":0,"href":"https:\/\/old.lagornis.fr\/index.php?rest_route=\/wp\/v2\/pages\/2214\/revisions"}],"up":[{"embeddable":true,"href":"https:\/\/old.lagornis.fr\/index.php?rest_route=\/wp\/v2\/pages\/46"}],"wp:attachment":[{"href":"https:\/\/old.lagornis.fr\/index.php?rest_route=%2Fwp%2Fv2%2Fmedia&parent=2214"}],"curies":[{"name":"wp","href":"https:\/\/api.w.org\/{rel}","templated":true}]}}