{"id":2200,"date":"2019-03-11T23:02:37","date_gmt":"2019-03-11T22:02:37","guid":{"rendered":"http:\/\/lagornis.monbacasable.fr\/?p=2200"},"modified":"2019-03-11T23:02:37","modified_gmt":"2019-03-11T22:02:37","slug":"panselenos","status":"publish","type":"page","link":"https:\/\/old.lagornis.fr\/?page_id=2200","title":{"rendered":"Pans\u00e9l\u00eanos"},"content":{"rendered":"\n<h3 class=\"wp-block-heading\" style=\"text-align:center\">La plan\u00e8te<\/h3>\n\n\n\n<p>Pans\u00e9l\u00eanos est un monde distant, il se trouverait dans un univers voisin \u00e0 celui de Lagornis. La plan\u00e8te semble \u00eatre \u00e0 mis chemin du plan magique.<\/p>\n\n\n\n<p>La plan\u00e8te orbite autour d&#8217;une \u00e9toile bleu, de par son positionnement lointain vis \u00e0 vis de son \u00e9toile, une ann\u00e9e y dure environ trois mill\u00e9naires. Les changements de saisons y sont l\u00e9ger, et ont y trouve globalement un printemps perp\u00e9tuelle.  <\/p>\n\n\n\n<p>Une journ\u00e9e y dure environ 60 heures.<\/p>\n\n\n\n<p>La planete est caract\u00e9riser par ses deux lunes, la lune des morts (Thans\u00e9l) et la lune du miroir, celles ci sont des manifestations magiques d&#8217;autres dimensions et sont la source de la magie de la plan\u00e8te. <\/p>\n\n\n\n<p>La plan\u00e8te est recouverte d&#8217;un vaste oc\u00e9an geler, d&#8217;o\u00f9 surgissent par endroit des volcans qui forment de petites iles volcaniques. L\u2019oc\u00e9an abritent de gigantesques cr\u00e9atures marines agressives, la vie y est pratiquement impossible pour les esp\u00e8ces intelligentes. Au dessus de la surface, \u00e0 une dizaines de kilom\u00e8tres de la surface, se trouve une multitude d&#8217;iles flottantes dans les airs o\u00f9 est install\u00e9 la population.<\/p>\n\n\n\n<h3 class=\"wp-block-heading\" style=\"text-align:center\">Les lunes<\/h3>\n\n\n\n<p>Thansel n&#8217;est visible que pendant une journ\u00e9e chaque ann\u00e9e (ann\u00e9es standard), sa pr\u00e9sence se manifeste par un lien puissant avec le monde souterrain, accroissent la puissance des magies li\u00e9 \u00e0 la mort, et entraine la manifestation de fant\u00f4mes des d\u00e9funts qui vienne visiter leurs proches. <\/p>\n\n\n\n<p>La lune du miroir est pr\u00e9sente plus r\u00e9guli\u00e8rement, elle apparait pendant 2 jours tous les mois (30 jours). Malgr\u00e9 sa taille minuscule, cette lune est en faite une \u00e9toile illuminant la plan\u00e8te pendant ses p\u00e9riodes d&#8217;activit\u00e9. Quand elle est active elle recharge magiquement le monde (dans des p\u00e9riodes de forte activit\u00e9 magique (guerre, d\u00e9sastre climatiques,\u00e9pid\u00e9mies), il est courant qu&#8217;il y ai des p\u00e9nurie de magie plan\u00e9taire) . Tous les surfaces r\u00e9fl\u00e9chissantes illumin\u00e9 par la lune refl\u00e8tent des \u00e9v\u00e8nements se produisant dans le monde de Lagornis au lieu du reflet attendu. <\/p>\n\n\n\n<h3 class=\"wp-block-heading\" style=\"text-align:center\">La temp\u00eate dor\u00e9e.<\/h3>\n\n\n\n<p>Lorsque les deux lunes sont pr\u00e9sentes simultan\u00e9ment, elles interagissent entre elles. Il se forme un transfert d\u2019\u00e9nergie (une sorte de nuage bleu transitant de la lune du miroir \u00e0 Thansel, au c\u0153ur de celui ci de nombreuses d\u00e9charges d\u2019\u00e9nergies se manifeste), la pr\u00e9sence de la temp\u00eate emp\u00eache la magie de se r\u00e9g\u00e9n\u00e9rer et entraine l&#8217;apparition des monstres du monde souterrains ( des cr\u00e9atures se nourrissant de  l\u2019\u00e2me des gens) et de daemon du monde souterrains. 5 jours plus tard les lunes se manifestent \u00e0 nouveau et c&#8217;est un nuage d\u2019\u00e9nergie jaune qui transite vers la lune du miroir, la vague d\u2019\u00e9nergie remporte les cr\u00e9atures du monde souterrain vers Lagornis, et laisse tomber des objets emporter par le courant (g\u00e9n\u00e9ralement des objets magiques venant de Lagornis. ) <\/p>\n\n\n\n<p>La temp\u00eate dor\u00e9e, bien qu&#8217;ayant une n\u00e9cessiter cosmique dans le maintient de l&#8217;\u00e9quilibre entre les deux lunes (des chercheurs ont estim\u00e9 que sans cette \u00e9v\u00e9nement l&#8217;accumulation de magie finirait par d\u00e9truire la plan\u00e8te), est terrible pour les populations. L&#8217;absence de magie et les cr\u00e9atures sont un danger \u00e9norme, mais les vagues d\u2019\u00e9nergies sont extr\u00eamement dangereuses (elles endommages les sortil\u00e8ges, d\u00e9truisent les structures et provoquent de nombreux incendies. ). Heureusement, les deux lunes n&#8217;apparaissent ensemble qu&#8217;environ une fois par si\u00e8cle.<\/p>\n\n\n\n<p>Parfois, certains objets issue de Lagornis tombe sur Pans\u00e9l\u00eanos pendant la premi\u00e8re phase de la temp\u00eate, il est primordial de les y renvoyer avant la fin de l&#8217;\u00e9v\u00e9nement. La pr\u00e9sence de ces objets perturbe le cycle lunaires. Tant que des objets ext\u00e9rieurs sont pr\u00e9sents, Thansel ne disparait pas, promulguant non seulement ses effets habituel, mais absorbant la magie de la plan\u00e8te. Quand la lune du miroir r\u00e9apparait, il y a \u00e0 nouveau un flux bleu de la lune du miroir \u00e0 Thansel (r\u00e9it\u00e9rant ses effets). Si les objets ne sont pas \u00e9vacuer durant cette \u00e9v\u00e9nement, ils deviennent part du monde et n&#8217;affecte plus le cycle. Malgr\u00e9 tout,  cette perturbation \u00e0 des effets durables sur le monde : la magie est suffisamment siphonner pour non seulement rendre son utilisation impossible jusqu&#8217;\u00e0 la prochaine apparation de la lune, mais neutralise \u00e9galement \u00e9norm\u00e9ment de sortil\u00e8ges (incluant la magie permettant aux ils de flotter). Les cr\u00e9atures restent jusqu\u2019\u00e0 l&#8217;apparition de la lune du miroir, infligeant encore plus de d\u00e9g\u00e2ts qu&#8217;a l\u2019accoutum\u00e9. <\/p>\n\n\n\n<h3 class=\"wp-block-heading\" style=\"text-align:center\">Les liens avec Lagornis<\/h3>\n\n\n\n<p>Les mages de la plan\u00e8te ont \u00e9tabli des plateformes permettant de transiter d&#8217;un monde \u00e0 l&#8217;autre, ces transferts n\u00e9cessitent une connexion bi directionnel : il faut que quelqu&#8217;un de l&#8217;autre cot\u00e9 accepte la connexion. Pendant la temp\u00eate dor\u00e9e, le lien est bien plus fort : le nuage bleu permet d&#8217;aller vers Lagornis, et le nuage dor\u00e9e permet d&#8217;en revenir. Ces liens \u00e9tait utiliser pour communiquer avec les mages pendant les temps anciens, mais la diminution du niveau des arcanes lors des temps modernes ont mis fin aux interactions diplomatiques. <\/p>\n\n\n\n<p>Les grands maitres utilisent les liens pour pratiquer le rituel d&#8217;Anastasis, il consiste \u00e0 atteindre Lagornis, p\u00e9n\u00e9trer dans une rivi\u00e8re de magie durant le flux jaune. La volont\u00e9 du maitre doit \u00eatre asser forte pour emp\u00eacher le courant de r\u00e9duire \u00e0 n\u00e9ant son \u00e2me. Si son \u00e2me survit, il reviendra \u00e0 la vie lors de la prochaine temp\u00eate dor\u00e9e, ayant gagn\u00e9 un pouvoir immense et l&#8217;immortalit\u00e9. <br><\/p>\n","protected":false},"excerpt":{"rendered":"<p>La plan\u00e8te Pans\u00e9l\u00eanos est un monde distant, il se trouverait dans un univers voisin \u00e0 celui de Lagornis. La plan\u00e8te semble \u00eatre \u00e0 mis chemin du plan magique. La plan\u00e8te orbite autour d&#8217;une \u00e9toile bleu, de par son positionnement lointain vis \u00e0 vis de son \u00e9toile, une ann\u00e9e y dure environ trois mill\u00e9naires. Les changements &hellip; <a href=\"https:\/\/old.lagornis.fr\/?page_id=2200\" class=\"more-link\">Continue reading <span class=\"screen-reader-text\">Pans\u00e9l\u00eanos<\/span> <span class=\"meta-nav\">&rarr;<\/span><\/a><\/p>\n","protected":false},"author":1,"featured_media":0,"parent":2607,"menu_order":0,"comment_status":"open","ping_status":"closed","template":"","meta":{"footnotes":""},"class_list":["post-2200","page","type-page","status-publish","hentry"],"_links":{"self":[{"href":"https:\/\/old.lagornis.fr\/index.php?rest_route=\/wp\/v2\/pages\/2200","targetHints":{"allow":["GET"]}}],"collection":[{"href":"https:\/\/old.lagornis.fr\/index.php?rest_route=\/wp\/v2\/pages"}],"about":[{"href":"https:\/\/old.lagornis.fr\/index.php?rest_route=\/wp\/v2\/types\/page"}],"author":[{"embeddable":true,"href":"https:\/\/old.lagornis.fr\/index.php?rest_route=\/wp\/v2\/users\/1"}],"replies":[{"embeddable":true,"href":"https:\/\/old.lagornis.fr\/index.php?rest_route=%2Fwp%2Fv2%2Fcomments&post=2200"}],"version-history":[{"count":0,"href":"https:\/\/old.lagornis.fr\/index.php?rest_route=\/wp\/v2\/pages\/2200\/revisions"}],"up":[{"embeddable":true,"href":"https:\/\/old.lagornis.fr\/index.php?rest_route=\/wp\/v2\/pages\/2607"}],"wp:attachment":[{"href":"https:\/\/old.lagornis.fr\/index.php?rest_route=%2Fwp%2Fv2%2Fmedia&parent=2200"}],"curies":[{"name":"wp","href":"https:\/\/api.w.org\/{rel}","templated":true}]}}