{"id":214,"date":"2018-02-12T15:20:38","date_gmt":"2018-02-12T14:20:38","guid":{"rendered":"http:\/\/lagornis.monbacasable.fr\/?p=214"},"modified":"2018-02-12T15:20:38","modified_gmt":"2018-02-12T14:20:38","slug":"armes","status":"publish","type":"page","link":"https:\/\/old.lagornis.fr\/?page_id=214","title":{"rendered":"Armes"},"content":{"rendered":"\n<p class=\"legere\">Armes l\u00e9g\u00e8re : vert Jet de maitrise = maitrise + Dex\/2<\/p>\n\n\n<p>[su_spoiler style=&#8221;fancy&#8221; anchor=&#8221;Armes_legere&#8221;]Les armes l\u00e9g\u00e8res d\u00e9signent tout un tas d&#8217;armes o\u00f9 la pr\u00e9cision est plus valoriser que la force brute, ces armes sont g\u00e9n\u00e9ralement \u00e0 une main et poss\u00e8dent parfois des capacit\u00e9 suppl\u00e9mentaire. [\/su_spoiler]<\/p>\n\n\n\n<p class=\"lourde\">Arme lourde : bleu Jet de maitrise = maitrise + Fo\/2<\/p>\n\n\n<p>[su_spoiler style=&#8221;fancy&#8221; anchor=&#8221;Armes_lourde&#8221;]Les armes lourdes d\u00e9signent tout un tas d&#8217;armes o\u00f9 la force est mise en avant, leur port\u00e9e est souvent sup\u00e9rieur \u00e0 celle des armes l\u00e9g\u00e8res, la plupart sont utilis\u00e9 \u00e0 deux mains[\/su_spoiler]<\/p>\n\n\n\n<p class=\"hast\">Arme d&#8217;hast : rouge Jet de maitrise = maitrise + Adr\/2<\/p>\n\n\n<p>[su_spoiler style=&#8221;fancy&#8221; anchor=&#8221;Armes_hast&#8221;]Les armes d&#8217;hast d\u00e9signent tout un tas d&#8217;armes au bout d&#8217;un baton, leur port\u00e9e est \u00e9lever, mais il est souvent plus dur de se d\u00e9fendre avec ce type d&#8217;arme.[\/su_spoiler]<\/p>\n\n\n\n<p class=\"distance\">Arme \u00e0 distance : orange Jet de maitrise = maitrise + Adr\/2<\/p>\n\n\n<p>[su_spoiler style=&#8221;fancy&#8221; anchor=&#8221;Armes_distance&#8221;]Les armes \u00e0 distance sont des armes envoyant un projectile, impossible \u00e0 esquiver ou parer. Inutile au combat de contact. Elles n\u00e9cessitent des munitions (balles ou fl\u00e8ches)[\/su_spoiler]<\/p>\n\n\n\n<p class=\"jet\">Arme de jet : noir Jet de maitrise = maitrise + Adr\/2<\/p>\n\n\n<p>[su_spoiler style=&#8221;fancy&#8221; anchor=&#8221;Armes_jet&#8221;]Les armes de jet sont des armes pouvant \u00eatre envoy\u00e9 avec suffisamment de pr\u00e9cision.&nbsp; Les armes avec la propri\u00e9t\u00e9s &#8220;lanc\u00e9&#8221; sont considerer comme des armes de jet lorsqu&#8217;il s&#8217;agit de les lancers.&nbsp; Lancer une arme non con\u00e7u pour inflige un malus de (legere=4,lourde=6,hast=8)[\/su_spoiler]<\/p>\n\n\n\n<p>Caract\u00e9ristiques d&#8217;armes :<\/p>\n\n\n<p>[su_spoiler title=&#8221;Types d&#8217;armes&#8221; style=&#8221;fancy&#8221; icon=&#8221;plus-circle&#8221; anchor=&#8221;armes&#8221;]<\/p>\n\n\n\n<table class=\"wp-block-table\"><tbody><tr><td><strong>Arme<\/strong><\/td><td><strong>D\u00e9g\u00e2t<\/strong><\/td><td><strong>Quantit\u00e9 de mat\u00e9riaux (en Unit\u00e9)<\/strong><\/td><td><strong>Prix<\/strong><\/td><td><strong>Propri\u00e9t\u00e9s<\/strong><\/td><\/tr><tr><td><em><strong>Armes courantes<\/strong><\/em><\/td><\/tr><tr><td>&nbsp; B\u00e2ton<\/td><td>1d6 contondant<\/td><td>4U<\/td><td>1po<\/td><td>Polyvalente (1d8), bois<\/td><\/tr><tr><td>&nbsp; Dague<\/td><td>1d4 perforant<\/td><td>0.5U<\/td><td>3 po<\/td><td>Finesse, l\u00e9g\u00e8re, lancer (port\u00e9e 6 m\/18 m)<\/td><\/tr><tr><td>&nbsp; Gourdin<\/td><td>1d4 contondant<\/td><td>2U<\/td><td>50 pa<\/td><td>L\u00e9g\u00e8re, bois<\/td><\/tr><tr><td>&nbsp; Hachette<\/td><td>1d6 tranchant<\/td><td>1U<\/td><td>6 po<\/td><td>L\u00e9g\u00e8re, lancer (port\u00e9e 6 m\/18 m)<\/td><\/tr><tr><td>&nbsp; Javeline<\/td><td>1d6 perforant<\/td><td>1U<\/td><td>70pa<\/td><td>Lancer (port\u00e9e 9 m\/36 m)<\/td><\/tr><tr><td>&nbsp; Lance<\/td><td>1d6 perforant<\/td><td>1,5 U<\/td><td>5 po<\/td><td>Lancer (port\u00e9e 6 m\/18 m), polyvalente (1d8)<\/td><\/tr><tr><td>&nbsp; Marteau l\u00e9ger<\/td><td>1d4 contondant<\/td><td>2U<\/td><td>8 po<\/td><td>L\u00e9g\u00e8re, lancer (port\u00e9e 6 m\/18 m)<\/td><\/tr><tr><td>&nbsp; Masse d&#8217;armes<\/td><td>1d6 contondant<\/td><td>5U<\/td><td>10 po<\/td><td>&#8211;<\/td><\/tr><tr><td>&nbsp; Massue<\/td><td>1d8 contondant<\/td><td>7 U<\/td><td>70 pa<\/td><td>\u00c0 deux mains, bois<\/td><\/tr><tr><td>&nbsp; Serpe<\/td><td>1d4 tranchant<\/td><td>1 U<\/td><td>2 po<\/td><td>L\u00e9g\u00e8re<\/td><\/tr><tr><td><\/td><\/tr><tr><td>&nbsp; Arbal\u00e8te l\u00e9g\u00e8re<\/td><td>1d8 perforant<\/td><td>2,5 U<\/td><td>12po<\/td><td>Munitions (port\u00e9e 24 m\/96 m), chargement, \u00e0 deux mains<\/td><\/tr><tr><td>&nbsp; Arc court<\/td><td>1d6 perforant<\/td><td>1 U<\/td><td>8 po<\/td><td>Munitions (port\u00e9e 24 m\/96 m), \u00e0 deux mains<\/td><\/tr><tr><td>&nbsp; Fl\u00e9chette<\/td><td>1d4 perforant<\/td><td>0.1U<\/td><td>2pa<\/td><td>Finesse, lancer (port\u00e9e 6 m\/18 m)<\/td><\/tr><tr><td>Couteaux de lancer<\/td><td>1d4 perforant<\/td><td>0.3U<\/td><td>2 po<\/td><td>Finesse, lancer (port\u00e9e 6 m\/18 m)<\/td><\/tr><tr><td>&nbsp; Fronde<\/td><td>1d4 contondant<\/td><td>&#8211;<\/td><td>60 pa<\/td><td>Munitions (port\u00e9e 9 m\/36 m)<\/td><\/tr><tr><td><em><strong>Armes de guerre<\/strong><\/em><\/td><\/tr><tr><td>&nbsp; Cimeterre<\/td><td>1d6 tranchant<\/td><td>2,5 U<\/td><td>12 po<\/td><td>Finesse, l\u00e9g\u00e8re<\/td><\/tr><tr><td>&nbsp; Glaive<\/td><td>1d10 tranchant<\/td><td>4 U<\/td><td>16po<\/td><td>Lourde, allonge, \u00e0 deux mains<\/td><\/tr><tr><td>&nbsp; \u00c9p\u00e9e \u00e0 deux mains<\/td><td>2d6 tranchant<\/td><td>4 U<\/td><td>20 po<\/td><td>Lourde, \u00e0 deux mains<\/td><\/tr><tr><td>&nbsp; \u00c9p\u00e9e courte<\/td><td>1d6 perforant<\/td><td>2U<\/td><td>6po<\/td><td>Finesse, l\u00e9g\u00e8re<\/td><\/tr><tr><td>&nbsp; \u00c9p\u00e9e longue<\/td><td>1d8 tranchant<\/td><td>2,5U<\/td><td>9 po<\/td><td>Polyvalente (1d10)<\/td><\/tr><tr><td>&nbsp; Fl\u00e9au d&#8217;armes<\/td><td>1d8 contondant<\/td><td>2U<\/td><td>10po<\/td><td>&#8211;<\/td><\/tr><tr><td>&nbsp; Fouet<\/td><td>1d4 tranchant<\/td><td>2U<\/td><td>4 po<\/td><td>Finesse, allonge, tissu<\/td><\/tr><tr><td>&nbsp; Hache \u00e0 deux mains<\/td><td>1d12 tranchant<\/td><td>5,5U<\/td><td>18 po<\/td><td>Lourde, \u00e0 deux mains<\/td><\/tr><tr><td>&nbsp; Hache d&#8217;armes<\/td><td>1d8 tranchant<\/td><td>2 U<\/td><td>8 po<\/td><td>Polyvalente (1d10)<\/td><\/tr><tr><td>&nbsp; Hallebarde<\/td><td>1d10 tranchant<\/td><td>4 U<\/td><td>13 po<\/td><td>Lourde, allonge, \u00e0 deux mains<\/td><\/tr><tr><td>&nbsp; Lance d\u2019ar\u00e7on<\/td><td>1d12 perforant<\/td><td>3 U<\/td><td>6 po<\/td><td>Allonge, sp\u00e9cial<\/td><\/tr><tr><td>&nbsp; Maillet<\/td><td>2d6 contondant<\/td><td>5 U<\/td><td>4 po<\/td><td>Lourde, \u00e0 deux mains<\/td><\/tr><tr><td>&nbsp; Marteau de guerre<\/td><td>1d8 contondant<\/td><td>5U<\/td><td>11 po<\/td><td>Polyvalente (1d10)<\/td><\/tr><tr><td>&nbsp; Morgenstern<\/td><td>1d8 perforant<\/td><td>2 U<\/td><td>13 po<\/td><td>&#8211;<\/td><\/tr><tr><td>&nbsp; Rapi\u00e8re<\/td><td>1d8 perforant<\/td><td>2U<\/td><td>9 po<\/td><td>Finesse<\/td><\/tr><tr><td>&nbsp; Trident<\/td><td>1d6 perforant<\/td><td>2 U<\/td><td>6 po<\/td><td>Lancer (port\u00e9e 6 m\/18 m), polyvalente (1d8)<\/td><\/tr><tr><td>&nbsp; Arbal\u00e8te de poing<\/td><td>1d6 perforant<\/td><td>2,5 U<\/td><td>20 po<\/td><td>Munitions (port\u00e9e 9 m\/36 m), l\u00e9g\u00e8re, chargement<\/td><\/tr><tr><td>pistolet<\/td><td>1d10 perforant<\/td><td>2,5 U<\/td><td>30po<\/td><td>L\u00e9g\u00e8re, Munitions (port\u00e9e 9 m\/36 m), chargement, arme \u00e0 feu<\/td><\/tr><tr><td>Fusil<\/td><td>1d12 perforant<\/td><td>6,5 U<\/td><td>25 po<\/td><td>Munitions (port\u00e9e 9 m\/50 m), chargement, arme \u00e0 feu<\/td><\/tr><tr><td>&nbsp; Arbal\u00e8te lourde<\/td><td>1d10 perforant<\/td><td>9U<\/td><td>20po<\/td><td>Munitions (port\u00e9e 30 m\/120 m), lourde, chargement,\n\u00e0 deux mains<\/td><\/tr><tr><td>&nbsp; Arc long<\/td><td>1d8 perforant<\/td><td>3 U<\/td><td>20po<\/td><td>Munitions (port\u00e9e 45 m\/180 m), lourde, \u00e0 deux mains<\/td><\/tr><tr><td>&nbsp; Filet<\/td><td><\/td><td>1,5 U<\/td><td>3 po<\/td><td>Sp\u00e9cial, lancer (port\u00e9e 1,50 m\/ 4,50 m)<\/td><\/tr><tr><td>&nbsp; Sarbacane<\/td><td>1 perforant<\/td><td>0.5U<\/td><td>4 po<\/td><td>Munitions (port\u00e9e 7,50 m\/30 m), chargement<\/td><\/tr><tr><td>15* Fleches<\/td><td><\/td><td>0.2U<\/td><td>3 po<\/td><\/tr><tr><td>15* Balles<\/td><td><\/td><td>0.4U<\/td><td>5 po<\/td><\/tr><tr><td>15* Balles explosive<\/td><td>+1d8 explosion, zone de 3m<\/td><td>0.4U<\/td><td>180 +20 po<\/td><td>Necessite un ingenieur p4 pour etre fabriqu\u00e9.\nEn cas d&#8217;echec de recul, explose dans l&#8217;arme<\/td><\/tr><\/tbody><\/table>\n\n\n\n<p>Finesse : peut utiliser la force ou la dext au choix<\/p>\n\n\n\n<p>l\u00e9g\u00e8res: 1 esquive gratuite<\/p>\n\n\n\n<p>lancer : L&#8217;arme peut etre utiliser comme une arme de jet, si elle n&#8217;en est pas une initialement, palier augmenter.<\/p>\n\n\n\n<p>arme \u00e0 feu : Ces armes n&#8217;infligent pas de blessures (pas de saignement, amputation etc \u2026 )<\/p>\n\n\n\n<p>Polyvalente : L&#8217;arme peut \u00eatre manier \u00e0 une ou deux mains.<\/p>\n\n\n<p>[\/su_spoiler]<\/p>\n\n\n\n<h4 class=\"wp-block-heading\">Prix<\/h4>\n\n\n\n<p> Le prix d&#8217;une arme est calcul\u00e9 comme tel : &lt;palier de  forgeron du materiau&gt;*&lt;prix initial&gt;*&lt;Qualit\u00e9&gt; + &lt;Quantit\u00e9 de  mat\u00e9riaux&gt;*&lt;Prix \u00e0 l&#8217;unit\u00e9 du mat\u00e9riau&gt; + Enchantements. <\/p>\n\n\n\n<p>Augmenter la qualit\u00e9 d&#8217;une arme enchant\u00e9 n\u00e9cessite un forgeron ayant acc\u00e8s a la fabrication de l&#8217;arme +1 palier. Le prix est celui de l&#8217;arme \u00e0 la qualit\u00e9 vis\u00e9e (sans compt\u00e9 le prix de l\u2019enchantement. <\/p>\n\n\n<p>[su_spoiler title=&#8221;Qualit\u00e9&#8221; style=&#8221;fancy&#8221; icon=&#8221;plus-circle&#8221; anchor=&#8221;armes&#8221;]<\/p>\n\n\n\n<table class=\"wp-block-table\"><tbody><tr><td><strong>Qualit\u00e9<\/strong><\/td><td><strong>Bonus<\/strong><\/td><td><strong>Multiplicateur de cout<\/strong><\/td><td><strong>Modification du niveau de forgeron<\/strong><\/td><\/tr><tr><td>Pourris<\/td><td>-1 Maitrise\/degats<\/td><td>*0.5<\/td><td>-2<\/td><\/tr><tr><td>Nul<\/td><td>-1 degats<\/td><td>*0.75<\/td><td>-1<\/td><\/tr><tr><td>Normal<\/td><td>Aucun<\/td><td>1<\/td><td>0<\/td><\/tr><tr><td>Bon<\/td><td>+1 Maitrise<\/td><td>+1<\/td><\/tr><tr><td>Tr\u00e8s Bon<\/td><td>+1 Maitrise\/degats<\/td><td>*3<\/td><td>+2<\/td><\/tr><tr><td>Excellent<\/td><td>+2 Maitrise\/degats<\/td><td>*5<\/td><td>+3<\/td><\/tr><tr><td>Maitre<\/td><td>+3 Maitrise\/degats<\/td><td>*7<\/td><td>+4<\/td><\/tr><\/tbody><\/table>\n\n\n<p>[\/su_spoiler]<\/p>\n\n\n<p>[su_spoiler title=&#8221;Mat\u00e9riaux :&#8221; style=&#8221;fancy&#8221; icon=&#8221;plus-circle&#8221; anchor=&#8221;armes&#8221;]<\/p>\n\n\n\n<table class=\"wp-block-table\"><tbody><tr><td><strong>Mat\u00e9riau<\/strong><\/td><td><strong>Bonus<\/strong><\/td><td><strong>Multiplicateur de cout<\/strong><\/td><td><strong>R\u00e9sistance<\/strong><\/td><td><strong>Palier de forgeron<\/strong><\/td><\/tr><tr><td>bois<\/td><td>&#8211; 2 d\u00e9g\u00e2ts tranchants<\/td><td>50pa\/U<\/td><td>8<\/td><td>1<\/td><\/tr><tr><td>Pierre<\/td><td>Tout les d\u00e9g\u00e2ts de l&#8217;arme deviennent contondant.\nSur une arme qui n&#8217;est pas con\u00e7u comme contondante supprime les malus\/bonus de qualit\u00e9\nSur une arme contondante donne +4 dgts.\nN\u00e9cessite le talent &#8220;arme en pierre&#8221;<\/td><td>2po\/U<\/td><td>30<\/td><td>(special)<\/td><\/tr><tr><td>Acier<\/td><td>+ 2 d\u00e9g\u00e2ts contondant<\/td><td>5po\/U<\/td><td>12<\/td><td>1<\/td><\/tr><tr><td>Alliage-Or<\/td><td>-3 maitrise, degats doubl\u00e9 contre les cr\u00e9atures du monde souterrain<\/td><td>20po\/U<\/td><td>10<\/td><td>3<\/td><\/tr><tr><td>Argent<\/td><td>+4 d\u00e9g\u00e2ts sur les cr\u00e9atures magiques<\/td><td>10po\/U<\/td><td>16<\/td><td>3<\/td><\/tr><tr><td>Starmetal<\/td><td>D\u00e9g\u00e2ts sur la magie noir. +1d6 d\u00e9g\u00e2ts<\/td><td>30po\/U<\/td><td>25<\/td><td>6<\/td><\/tr><tr><td>Titane<\/td><td>Plus solide que l&#8217;acier, plus l\u00e9ger. +1 maitrise<\/td><td>20po\/U<\/td><td>35<\/td><td>2<\/td><\/tr><tr><td>Pierres \u00e9l\u00e9mentaire<\/td><td>Immunit\u00e9 \u00e0 l&#8217;\u00e9l\u00e9ment, +1 maitrise \u00e9l\u00e9mentaire. -2 maitrise<\/td><td>55 po\/U<\/td><td>40<\/td><td>3<\/td><\/tr><tr><td>Acier du feu dor\u00e9e<\/td><td>+ 2 d\u00e9g\u00e2ts contondant. Acier local \u00e0 tomebatia, le m\u00e9tal est toujours chaud au contact et permet les enchantements moderne li\u00e9 \u00e0 de la magie du feu.<\/td><td>25po\/U<\/td><td>16<\/td><td>2<\/td><\/tr><tr><td>Acier H\u00e9roique<\/td><td>+2 maitrise +5 dgts. Blesse les cr\u00e9atures de magie. Uniquement arme de maitre.<\/td><td>2000 po\/U<\/td><td>200<\/td><td>8<\/td><\/tr><tr><td>Bronze Raconovum<\/td><td>R\u00e9duit grandement la magie divine dont il entre en contact. Retire autant de pmc que les d\u00e9g\u00e2ts de l&#8217;arme (uniquement les d\u00e9g\u00e2ts arme+comp\u00e9tences, pas ceux \u00e9ventuelles fait par un enchantement)<\/td><td>50 po\/U<\/td><td>33<\/td><td>2<\/td><\/tr><tr><td>Acier futuriste<\/td><td><\/td><td><\/td><td>40<\/td><td>spec<\/td><\/tr><tr><td><strong>Os magiques<\/strong><\/td><\/tr><tr><td>Loup magique<\/td><td>+ 1 maitrise, +2 dgt loups magiques<\/td><td>15po\/U<\/td><td>10<\/td><td>4<\/td><\/tr><tr><td>Dragon<\/td><td>+ 3 maitrise, +1d8 dgt, ignifug\u00e9, anti-magique<\/td><td>50po\/U<\/td><td>25<\/td><td>6<\/td><\/tr><tr><td>Humainoide<\/td><td>1 charge\/jour pouvoir de la race, aura mal\u00e9fique, +4dgt cr\u00e9atures du bien<\/td><td>8po\/U<\/td><td>6<\/td><td>4<\/td><\/tr><\/tbody><\/table>\n\n\n<p>[\/su_spoiler]<\/p>\n\n\n\n<p>La durabilit\u00e9 d&#8217;une arme repr\u00e9sente sa solidit\u00e9, quand la durabilit\u00e9 d&#8217;une arme tombe \u00e0 0, elle perd deux niveaux de qualit\u00e9 et sa durabilit\u00e9 repasse au max (moins les \u00e9ventuelles malus de qualit\u00e9). Une forgeron peut r\u00e9parer l&#8217;arme pour lui redonner sa qualit\u00e9 original.<\/p>\n\n\n\n<p>Si la qualit\u00e9 descend en dessous de pourris, l&#8217;arme est bris\u00e9 et doit \u00eatre reforg\u00e9.<\/p>\n","protected":false},"excerpt":{"rendered":"<p>Armes l\u00e9g\u00e8re : vert Jet de maitrise = maitrise + Dex\/2 Arme lourde : bleu Jet de maitrise = maitrise + Fo\/2 Arme d&#8217;hast : rouge Jet de maitrise = maitrise + Adr\/2 Arme \u00e0 distance : orange Jet de maitrise = maitrise + Adr\/2 Arme de jet : noir Jet de maitrise = maitrise &hellip; <a href=\"https:\/\/old.lagornis.fr\/?page_id=214\" class=\"more-link\">Continue reading <span class=\"screen-reader-text\">Armes<\/span> <span class=\"meta-nav\">&rarr;<\/span><\/a><\/p>\n","protected":false},"author":1,"featured_media":0,"parent":865,"menu_order":0,"comment_status":"open","ping_status":"closed","template":"","meta":{"footnotes":""},"class_list":["post-214","page","type-page","status-publish","hentry"],"_links":{"self":[{"href":"https:\/\/old.lagornis.fr\/index.php?rest_route=\/wp\/v2\/pages\/214","targetHints":{"allow":["GET"]}}],"collection":[{"href":"https:\/\/old.lagornis.fr\/index.php?rest_route=\/wp\/v2\/pages"}],"about":[{"href":"https:\/\/old.lagornis.fr\/index.php?rest_route=\/wp\/v2\/types\/page"}],"author":[{"embeddable":true,"href":"https:\/\/old.lagornis.fr\/index.php?rest_route=\/wp\/v2\/users\/1"}],"replies":[{"embeddable":true,"href":"https:\/\/old.lagornis.fr\/index.php?rest_route=%2Fwp%2Fv2%2Fcomments&post=214"}],"version-history":[{"count":0,"href":"https:\/\/old.lagornis.fr\/index.php?rest_route=\/wp\/v2\/pages\/214\/revisions"}],"up":[{"embeddable":true,"href":"https:\/\/old.lagornis.fr\/index.php?rest_route=\/wp\/v2\/pages\/865"}],"wp:attachment":[{"href":"https:\/\/old.lagornis.fr\/index.php?rest_route=%2Fwp%2Fv2%2Fmedia&parent=214"}],"curies":[{"name":"wp","href":"https:\/\/api.w.org\/{rel}","templated":true}]}}