{"id":2114,"date":"2019-01-29T15:04:25","date_gmt":"2019-01-29T14:04:25","guid":{"rendered":"http:\/\/lagornis.monbacasable.fr\/?p=2114"},"modified":"2019-01-29T15:04:25","modified_gmt":"2019-01-29T14:04:25","slug":"calendrier","status":"publish","type":"page","link":"https:\/\/old.lagornis.fr\/?page_id=2114","title":{"rendered":"Calendrier"},"content":{"rendered":"\n<p>Une ann\u00e9e dans lagornis est constitu\u00e9 de 13 mois de 42 jours, une semaine fait 7 jours. Le rythme est stable, tout les mois et ann\u00e9es ont le m\u00eame nombres de jours. Une ann\u00e9e fait donc 546 jours.<\/p>\n\n\n\n<p>Les jours font 24h, le soleil se l\u00e8ve entre 6 et 10 h en fonction des saisons et se couche entre 18 et 22h.<\/p>\n\n\n\n<h4 class=\"wp-block-heading\">Mois<\/h4>\n\n\n\n<p>\u00c9t\u00e9 : <\/p>\n\n\n\n<ul class=\"wp-block-list\"><li>Mahtre  &#8211; 8<\/li><li>Hayui  &#8211; 9<\/li><li>Kiu  &#8211; 10<\/li><\/ul>\n\n\n\n<p>Automne<\/p>\n\n\n\n<ul class=\"wp-block-list\"><li>Haju  &#8211; 11<\/li><li>lkayf (prononc\u00e9 &#8220;k\u00e9fe&#8221;)  &#8211; 12<\/li><li>Irabu  &#8211; 13<\/li><li>21 premiers jours Guji &#8211; 1 <\/li><\/ul>\n\n\n\n<p>Hiver<\/p>\n\n\n\n<ul class=\"wp-block-list\"><li> 21 derniers jours Guji &#8211; 1 <\/li><li>Gura  &#8211; 2 <\/li><li>hiop  &#8211; 3<\/li><li>Vacti  &#8211; 4<\/li><\/ul>\n\n\n\n<p>Printemps<\/p>\n\n\n\n<ul class=\"wp-block-list\"><li>Jur  &#8211; 5<\/li><li>porf &#8211; 6<\/li><li>dargo &#8211; 7<\/li><\/ul>\n\n\n\n<p>Le nouvelle an est le premier Guji.<\/p>\n","protected":false},"excerpt":{"rendered":"<p>Une ann\u00e9e dans lagornis est constitu\u00e9 de 13 mois de 42 jours, une semaine fait 7 jours. Le rythme est stable, tout les mois et ann\u00e9es ont le m\u00eame nombres de jours. Une ann\u00e9e fait donc 546 jours. Les jours font 24h, le soleil se l\u00e8ve entre 6 et 10 h en fonction des saisons &hellip; <a href=\"https:\/\/old.lagornis.fr\/?page_id=2114\" class=\"more-link\">Continue reading <span class=\"screen-reader-text\">Calendrier<\/span> <span class=\"meta-nav\">&rarr;<\/span><\/a><\/p>\n","protected":false},"author":1,"featured_media":0,"parent":0,"menu_order":0,"comment_status":"open","ping_status":"closed","template":"","meta":{"footnotes":""},"class_list":["post-2114","page","type-page","status-publish","hentry"],"_links":{"self":[{"href":"https:\/\/old.lagornis.fr\/index.php?rest_route=\/wp\/v2\/pages\/2114","targetHints":{"allow":["GET"]}}],"collection":[{"href":"https:\/\/old.lagornis.fr\/index.php?rest_route=\/wp\/v2\/pages"}],"about":[{"href":"https:\/\/old.lagornis.fr\/index.php?rest_route=\/wp\/v2\/types\/page"}],"author":[{"embeddable":true,"href":"https:\/\/old.lagornis.fr\/index.php?rest_route=\/wp\/v2\/users\/1"}],"replies":[{"embeddable":true,"href":"https:\/\/old.lagornis.fr\/index.php?rest_route=%2Fwp%2Fv2%2Fcomments&post=2114"}],"version-history":[{"count":0,"href":"https:\/\/old.lagornis.fr\/index.php?rest_route=\/wp\/v2\/pages\/2114\/revisions"}],"wp:attachment":[{"href":"https:\/\/old.lagornis.fr\/index.php?rest_route=%2Fwp%2Fv2%2Fmedia&parent=2114"}],"curies":[{"name":"wp","href":"https:\/\/api.w.org\/{rel}","templated":true}]}}