{"id":2106,"date":"2019-01-28T16:54:39","date_gmt":"2019-01-28T15:54:39","guid":{"rendered":"http:\/\/lagornis.monbacasable.fr\/?p=2106"},"modified":"2019-01-28T16:54:39","modified_gmt":"2019-01-28T15:54:39","slug":"formation-de-draam","status":"publish","type":"page","link":"https:\/\/old.lagornis.fr\/?page_id=2106","title":{"rendered":"Formation de Draam"},"content":{"rendered":"\n<p>[Work in progress ]<\/p>\n\n\n\n<p>La formation de Draam remonte aux derni\u00e8res d\u00e9cennies de la second grande guerre, dans l&#8217;Ouest du continent se trouvait les terres de l&#8217;eglise d&#8217;Astiu et Bolty, deux d\u00e9esses de la justice. Malgr\u00e9 la guerre, les deux d\u00e9esses jumelles (ou amantes, selon les l\u00e9gendes) \u00e9tait parvenu \u00e0 maintenir un ilot de tranquillit\u00e9, c&#8217;est en l&#8217;an -42PG qu&#8217;un jeune enfant fut adopter par l&#8217;orphelinat . Cette enfant fut nomm\u00e9 Draam, et y apprit les vertu de la justice et l&#8217;art de la guerre. C&#8217;est ainsi qu&#8217;il decida de rejoindre les combats en l&#8217;an -30PG, il combattit pendant des ann\u00e9es aux cot\u00e9s de nombreux compagnons, parfois sous les ordres des diverses chefs de guerres, parfois en sein de compagnie librements form\u00e9. Il forma sa propre troupe et devient un g\u00e9n\u00e9ral reconnu par beaucoup \u00e0 travers le vaste continent. En quelques ann\u00e9es, le paladin solitaire se retrouv\u00e2t \u00e0 mener de larges arm\u00e9es au combat, gagnant de glorieuses batailles, en perdit tout autant.<\/p>\n\n\n\n<p>En -10PG, les forces ang\u00e9liques s&#8217;amenuisant, leurs arm\u00e9es regroup\u00e9s dans les divers bastions de lumi\u00e8res, le g\u00e9n\u00e9ral Draam fut couronn\u00e9 Roi du nouveau royaume, il choisit ses plus fid\u00e8les compagnons  et les anoblis, leur donnant \u00e0 chacun le devoir et la responsabilit\u00e9 de prot\u00e9ger et dirig\u00e9 les diverses territoires du royaume. <\/p>\n\n\n\n<p>Malgr\u00e9 l&#8217;\u00e9tablissement du pays, et une pays r\u00e9tabli dans ses fronti\u00e8res, la guerre n\u2019\u00e9tait pas fini. Un certain nombre de conflit ext\u00e9rieurs avec les arm\u00e9es ang\u00e9liques continua de mobiliser les arm\u00e9es du pays et de ses alli\u00e9s. <\/p>\n\n\n\n<p>C&#8217;est au cours de la bataille de Bufingar que le Roi perdit la vie, il avait rassembler nombre de ses troupes, et avec l&#8217;aide de la &#8216;Serre de Balta&#8217; (un territoire voisin dirig\u00e9 par le d\u00e9mon Balta) ils d\u00e9cid\u00e8rent de prendre un bastion de lumi\u00e8re situ\u00e9 dans la montagne vivante, le Roi mourut, mais les anges furent d\u00e9fait et cette victoire permis d&#8217;\u00e9tablir une alliance durable avec les cit\u00e9s naines de la montagne.<\/p>\n\n\n\n<p>Ce ne fut qu\u2019apr\u00e8s sa mort, en l&#8217;an 10PG, que le nouveau royaume fut nomm\u00e9 &#8220;Royaume de Draam&#8221; et que son pr\u00e9nom devint le nom de la famille royal. <br><\/p>\n","protected":false},"excerpt":{"rendered":"<p>[Work in progress ] La formation de Draam remonte aux derni\u00e8res d\u00e9cennies de la second grande guerre, dans l&#8217;Ouest du continent se trouvait les terres de l&#8217;eglise d&#8217;Astiu et Bolty, deux d\u00e9esses de la justice. Malgr\u00e9 la guerre, les deux d\u00e9esses jumelles (ou amantes, selon les l\u00e9gendes) \u00e9tait parvenu \u00e0 maintenir un ilot de tranquillit\u00e9, &hellip; <a href=\"https:\/\/old.lagornis.fr\/?page_id=2106\" class=\"more-link\">Continue reading <span class=\"screen-reader-text\">Formation de Draam<\/span> <span class=\"meta-nav\">&rarr;<\/span><\/a><\/p>\n","protected":false},"author":1,"featured_media":0,"parent":0,"menu_order":0,"comment_status":"open","ping_status":"closed","template":"","meta":{"footnotes":""},"class_list":["post-2106","page","type-page","status-publish","hentry"],"_links":{"self":[{"href":"https:\/\/old.lagornis.fr\/index.php?rest_route=\/wp\/v2\/pages\/2106","targetHints":{"allow":["GET"]}}],"collection":[{"href":"https:\/\/old.lagornis.fr\/index.php?rest_route=\/wp\/v2\/pages"}],"about":[{"href":"https:\/\/old.lagornis.fr\/index.php?rest_route=\/wp\/v2\/types\/page"}],"author":[{"embeddable":true,"href":"https:\/\/old.lagornis.fr\/index.php?rest_route=\/wp\/v2\/users\/1"}],"replies":[{"embeddable":true,"href":"https:\/\/old.lagornis.fr\/index.php?rest_route=%2Fwp%2Fv2%2Fcomments&post=2106"}],"version-history":[{"count":0,"href":"https:\/\/old.lagornis.fr\/index.php?rest_route=\/wp\/v2\/pages\/2106\/revisions"}],"wp:attachment":[{"href":"https:\/\/old.lagornis.fr\/index.php?rest_route=%2Fwp%2Fv2%2Fmedia&parent=2106"}],"curies":[{"name":"wp","href":"https:\/\/api.w.org\/{rel}","templated":true}]}}