{"id":2103,"date":"2019-01-28T16:54:05","date_gmt":"2019-01-28T15:54:05","guid":{"rendered":"http:\/\/lagornis.monbacasable.fr\/?p=2103"},"modified":"2019-01-28T16:54:05","modified_gmt":"2019-01-28T15:54:05","slug":"aura-magique","status":"publish","type":"page","link":"https:\/\/old.lagornis.fr\/?page_id=2103","title":{"rendered":"Aura magique"},"content":{"rendered":"\n<p>[work in progress]<\/p>\n\n\n\n<p>L&#8217;aura magique d&#8217;une cr\u00e9ature repr\u00e9sente la quantit\u00e9 de magie \u00e9mise par celle ci. Elle est per\u00e7u par n&#8217;importe quelle cr\u00e9ature ayant un niveau de perception magique sup\u00e9rieur.<\/p>\n\n\n\n<p>Un personnage A per\u00e7oit la magie d&#8217;un personnage B, seulement si l&#8217;aura de A plus la perception de B est sup\u00e9rieur \u00e0 30. <\/p>\n\n\n\n<p>L&#8217;aura d&#8217;un personnage est defini comme tel : <strong>Aura = PM &#8211; MAG<\/strong><\/p>\n\n\n\n<p>Percevoir la magie d&#8217;un personnage est une action active, passivement la perception d&#8217;un personnage est de 0. Il peut scanner une zone ou une personne pour augmenter sa perception.<\/p>\n\n\n\n<p>Percevoir une zone augmente la perception de :  <strong>MAG\/2 * 3<\/strong> Mais augmente \u00e9galement l&#8217;aura du personnage d&#8217;autant.<\/p>\n\n\n\n<p>Percevoir une personne augmente la perception de :  <strong>MAG\/2 * 5<\/strong>  Mais augmente \u00e9galement l&#8217;aura du personnage d&#8217;autant.<\/p>\n\n\n\n<p>Quand une aura est per\u00e7u, le personnage la percevant peut d\u00e9terminer la puissance de celle ci dans une certaine mesure : Aura&lt; 20 faible, Aura &lt;40 Forte, Aura &lt;60 extreme, Aura &gt; 60 Incroyable.<\/p>\n\n\n\n<p>Certaines comp\u00e9tences peuvent augmenter la perception magique : <\/p>\n\n\n\n<p><a href=\"http:\/\/lagornis.fr\/competences#perception_magique\">perception magique<\/a><\/p>\n\n\n\n<p><a href=\"http:\/\/lagornis.fr\/competences#perception_magique_cible\">perception magique cibler<\/a><br><\/p>\n","protected":false},"excerpt":{"rendered":"<p>[work in progress] L&#8217;aura magique d&#8217;une cr\u00e9ature repr\u00e9sente la quantit\u00e9 de magie \u00e9mise par celle ci. Elle est per\u00e7u par n&#8217;importe quelle cr\u00e9ature ayant un niveau de perception magique sup\u00e9rieur. Un personnage A per\u00e7oit la magie d&#8217;un personnage B, seulement si l&#8217;aura de A plus la perception de B est sup\u00e9rieur \u00e0 30. L&#8217;aura d&#8217;un &hellip; <a href=\"https:\/\/old.lagornis.fr\/?page_id=2103\" class=\"more-link\">Continue reading <span class=\"screen-reader-text\">Aura magique<\/span> <span class=\"meta-nav\">&rarr;<\/span><\/a><\/p>\n","protected":false},"author":1,"featured_media":0,"parent":2697,"menu_order":0,"comment_status":"open","ping_status":"closed","template":"","meta":{"footnotes":""},"class_list":["post-2103","page","type-page","status-publish","hentry"],"_links":{"self":[{"href":"https:\/\/old.lagornis.fr\/index.php?rest_route=\/wp\/v2\/pages\/2103","targetHints":{"allow":["GET"]}}],"collection":[{"href":"https:\/\/old.lagornis.fr\/index.php?rest_route=\/wp\/v2\/pages"}],"about":[{"href":"https:\/\/old.lagornis.fr\/index.php?rest_route=\/wp\/v2\/types\/page"}],"author":[{"embeddable":true,"href":"https:\/\/old.lagornis.fr\/index.php?rest_route=\/wp\/v2\/users\/1"}],"replies":[{"embeddable":true,"href":"https:\/\/old.lagornis.fr\/index.php?rest_route=%2Fwp%2Fv2%2Fcomments&post=2103"}],"version-history":[{"count":0,"href":"https:\/\/old.lagornis.fr\/index.php?rest_route=\/wp\/v2\/pages\/2103\/revisions"}],"up":[{"embeddable":true,"href":"https:\/\/old.lagornis.fr\/index.php?rest_route=\/wp\/v2\/pages\/2697"}],"wp:attachment":[{"href":"https:\/\/old.lagornis.fr\/index.php?rest_route=%2Fwp%2Fv2%2Fmedia&parent=2103"}],"curies":[{"name":"wp","href":"https:\/\/api.w.org\/{rel}","templated":true}]}}