{"id":2071,"date":"2019-01-18T16:17:25","date_gmt":"2019-01-18T15:17:25","guid":{"rendered":"http:\/\/lagornis.monbacasable.fr\/?p=2071"},"modified":"2019-01-18T16:17:25","modified_gmt":"2019-01-18T15:17:25","slug":"fuego","status":"publish","type":"page","link":"https:\/\/old.lagornis.fr\/?page_id=2071","title":{"rendered":"Fuego"},"content":{"rendered":"\n<p>La ville de fuego est la capital de  Mhi\u2019tolba, la cit\u00e9 en elle meme est divis\u00e9 en trois zones : <\/p>\n\n\n\n<h4 class=\"wp-block-heading\">La ville basse<\/h4>\n\n\n\n<p>Il s&#8217;agit de l&#8217;espace le plus grand, abritant la majorit\u00e9 de la population derri\u00e8res ses murs massifs. La population y est pour la plupart plutot pauvre. La plupart des larges forges alimentant l&#8217;armement de la population et de l&#8217;arm\u00e9e s&#8217;y trouvent. Il s&#8217;y trouve \u00e9galement les sources d\u2019alimentations int\u00e9rieurs de la ville les serres et les cultures souterraines de la cit\u00e9. Des dizaines de temples s&#8217;y trouvent, mais ceux ci n&#8217;abritent rarement rien d&#8217;autre que des pretres\u00b7ses basse.<\/p>\n\n\n\n<h4 class=\"wp-block-heading\">La ville medium<\/h4>\n\n\n\n<p>Il s&#8217;agit de l&#8217;espace des riches, on y trouvent des magasins de soies, des objets \u00e9tranger, des temples plus luxueux. La pr\u00e9sence de la garde y est plus importante, et la ville est entour\u00e9 d&#8217;un mur secondaire, au cas o\u00f9 la ville basse tomberais. <\/p>\n\n\n\n<h4 class=\"wp-block-heading\">La ville haute<\/h4>\n\n\n\n<p>Situ\u00e9 sur une colline au centre de la cit\u00e9, on y trouve des temples, les casernes des gardes du culte, les demeures des grandes pr\u00eatresses, le phare de  Mhi\u2019tolba . C&#8217;est dans son temple que vit la d\u00e9esse, il y a \u00e9galement deux hautes pr\u00eatresses et 12 grandes pr\u00eatresses. <\/p>\n\n\n\n<h4 class=\"wp-block-heading\">Le phare de  Mhi\u2019tolba <\/h4>\n\n\n\n<p>Il s&#8217;agit d&#8217;un enorme brasier au sommet du temple de la d\u00e9esse, il repousse les forces du mal et neutralise les ennemis du royaume. Ses effets exacts ne sont pas connu des \u00e9trangers, mais il augmente drastiquement la proportion de magie du feu dans la ville haute, amenuisant grandement les autres formes de magie dans celle ci.<\/p>\n\n\n\n<h4 class=\"wp-block-heading\">Les ruines<\/h4>\n\n\n\n<p>Sous la cit\u00e9 se trouve les ruines d&#8217;un peuple ancien, les <a href=\"http:\/\/lagornis.fr\/raconovum\/\">raconovum<\/a>. Jug\u00e9 comme un peuple pa\u00efen, les ruines ont \u00e9t\u00e9 sceller. Mais des \u00e9v\u00e9nements r\u00e9cent ont pouss\u00e9 \u00e0 autoriser l&#8217;ordre de la ruine, anciennement d\u00e9di\u00e9 \u00e0 d\u00e9truire les ruines et s&#8217;assurer que personnes n&#8217;y p\u00e9n\u00e9tr\u00e9, \u00e0 explorer celle ci pour d\u00e9couvrir ses myst\u00e8res enfoui et ses possibles lien avec le feu sacr\u00e9.<\/p>\n\n\n\n<p>L&#8217;ordre de la ruine est dirig\u00e9 par Martu. <\/p>\n","protected":false},"excerpt":{"rendered":"<p>La ville de fuego est la capital de Mhi\u2019tolba, la cit\u00e9 en elle meme est divis\u00e9 en trois zones : La ville basse Il s&#8217;agit de l&#8217;espace le plus grand, abritant la majorit\u00e9 de la population derri\u00e8res ses murs massifs. La population y est pour la plupart plutot pauvre. La plupart des larges forges alimentant &hellip; <a href=\"https:\/\/old.lagornis.fr\/?page_id=2071\" class=\"more-link\">Continue reading <span class=\"screen-reader-text\">Fuego<\/span> <span class=\"meta-nav\">&rarr;<\/span><\/a><\/p>\n","protected":false},"author":1,"featured_media":0,"parent":347,"menu_order":0,"comment_status":"open","ping_status":"closed","template":"","meta":{"footnotes":""},"class_list":["post-2071","page","type-page","status-publish","hentry"],"_links":{"self":[{"href":"https:\/\/old.lagornis.fr\/index.php?rest_route=\/wp\/v2\/pages\/2071","targetHints":{"allow":["GET"]}}],"collection":[{"href":"https:\/\/old.lagornis.fr\/index.php?rest_route=\/wp\/v2\/pages"}],"about":[{"href":"https:\/\/old.lagornis.fr\/index.php?rest_route=\/wp\/v2\/types\/page"}],"author":[{"embeddable":true,"href":"https:\/\/old.lagornis.fr\/index.php?rest_route=\/wp\/v2\/users\/1"}],"replies":[{"embeddable":true,"href":"https:\/\/old.lagornis.fr\/index.php?rest_route=%2Fwp%2Fv2%2Fcomments&post=2071"}],"version-history":[{"count":0,"href":"https:\/\/old.lagornis.fr\/index.php?rest_route=\/wp\/v2\/pages\/2071\/revisions"}],"up":[{"embeddable":true,"href":"https:\/\/old.lagornis.fr\/index.php?rest_route=\/wp\/v2\/pages\/347"}],"wp:attachment":[{"href":"https:\/\/old.lagornis.fr\/index.php?rest_route=%2Fwp%2Fv2%2Fmedia&parent=2071"}],"curies":[{"name":"wp","href":"https:\/\/api.w.org\/{rel}","templated":true}]}}