{"id":206,"date":"2018-02-08T09:21:16","date_gmt":"2018-02-08T08:21:16","guid":{"rendered":"http:\/\/lagornis.monbacasable.fr\/?p=206"},"modified":"2018-02-08T09:21:16","modified_gmt":"2018-02-08T08:21:16","slug":"la-cite-naine","status":"publish","type":"page","link":"https:\/\/old.lagornis.fr\/?page_id=206","title":{"rendered":"La cit\u00e9 naine"},"content":{"rendered":"<p>La cit\u00e9 naine est une vaste cit\u00e9 souterraine situ\u00e9 dans les montagnes \u00e0 l&#8217;est de Draam, la cit\u00e9 est une entit\u00e9 magique qui cr\u00e9\u00e9 des nouveaux tunnels et quartiers en r\u00e9ponse au besoin du Roi.<br \/>\nLa cit\u00e9 est divis\u00e9 en plusieurs dizaines de quartiers s&#8217;\u00e9tendant sur plusieurs kilom\u00e8tres et plusieurs niveaux.<br \/>\nLa population s&#8217;\u00e9l\u00e8ve \u00e0 pr\u00e8s de trois millions d&#8217;habitants, compos\u00e9 majoritairement de nains, malgres une communaut\u00e9 gnome importantes. \u00c0 l&#8217;exception de &#8220;la cit\u00e9 ext\u00e9rieur&#8221; l&#8217;entr\u00e9e dans la cit\u00e9 est interdite aux \u00e9trangers. La cit\u00e9 ext\u00e9rieur est un quartier plac\u00e9 \u00e0 l&#8217;entr\u00e9e de la cit\u00e9, il s&#8217;agit d&#8217;une plateforme commercial majeur pour l&#8217;Est de Lagornis.<br \/>\nLa cit\u00e9 est gouvern\u00e9 par le roi, malgr\u00e9 le fait que chaque quartier poss\u00e8de des lois ind\u00e9pendantes en fonction de la famille qui contr\u00f4le celui-ci, en effet la cit\u00e9 poss\u00e8dent 13 familles nobles (en incluant la famille royale) qui dirigent nombre de quartiers.<br \/>\nLa gestion interne de la cit\u00e9 est proche de celle d&#8217;un pays, avec ses conflits internes, diff\u00e9rences de culture et \u00e9carts sociales.<\/p>\n<p>Aerta<\/p>\n","protected":false},"excerpt":{"rendered":"<p>La cit\u00e9 naine est une vaste cit\u00e9 souterraine situ\u00e9 dans les montagnes \u00e0 l&#8217;est de Draam, la cit\u00e9 est une entit\u00e9 magique qui cr\u00e9\u00e9 des nouveaux tunnels et quartiers en r\u00e9ponse au besoin du Roi. La cit\u00e9 est divis\u00e9 en plusieurs dizaines de quartiers s&#8217;\u00e9tendant sur plusieurs kilom\u00e8tres et plusieurs niveaux. La population s&#8217;\u00e9l\u00e8ve \u00e0 &hellip; <a href=\"https:\/\/old.lagornis.fr\/?page_id=206\" class=\"more-link\">Continue reading <span class=\"screen-reader-text\">La cit\u00e9 naine<\/span> <span class=\"meta-nav\">&rarr;<\/span><\/a><\/p>\n","protected":false},"author":1,"featured_media":0,"parent":2607,"menu_order":0,"comment_status":"open","ping_status":"closed","template":"","meta":{"footnotes":""},"class_list":["post-206","page","type-page","status-publish","hentry"],"_links":{"self":[{"href":"https:\/\/old.lagornis.fr\/index.php?rest_route=\/wp\/v2\/pages\/206","targetHints":{"allow":["GET"]}}],"collection":[{"href":"https:\/\/old.lagornis.fr\/index.php?rest_route=\/wp\/v2\/pages"}],"about":[{"href":"https:\/\/old.lagornis.fr\/index.php?rest_route=\/wp\/v2\/types\/page"}],"author":[{"embeddable":true,"href":"https:\/\/old.lagornis.fr\/index.php?rest_route=\/wp\/v2\/users\/1"}],"replies":[{"embeddable":true,"href":"https:\/\/old.lagornis.fr\/index.php?rest_route=%2Fwp%2Fv2%2Fcomments&post=206"}],"version-history":[{"count":0,"href":"https:\/\/old.lagornis.fr\/index.php?rest_route=\/wp\/v2\/pages\/206\/revisions"}],"up":[{"embeddable":true,"href":"https:\/\/old.lagornis.fr\/index.php?rest_route=\/wp\/v2\/pages\/2607"}],"wp:attachment":[{"href":"https:\/\/old.lagornis.fr\/index.php?rest_route=%2Fwp%2Fv2%2Fmedia&parent=206"}],"curies":[{"name":"wp","href":"https:\/\/api.w.org\/{rel}","templated":true}]}}