{"id":189,"date":"2018-02-06T10:08:41","date_gmt":"2018-02-06T09:08:41","guid":{"rendered":"http:\/\/lagornis.monbacasable.fr\/?p=189"},"modified":"2018-02-06T10:08:41","modified_gmt":"2018-02-06T09:08:41","slug":"dieux","status":"publish","type":"page","link":"https:\/\/old.lagornis.fr\/?page_id=189","title":{"rendered":"Cr\u00e9atures de cultes"},"content":{"rendered":"\n<p>Les cr\u00e9atures de cultes sont des cr\u00e9atures magiques \u00e0 potentiel illimit\u00e9 : bien que composer d\u2019\u00e9nergie magique ils sont capables de voir leur pouvoir croitre. Leurs magies sont li\u00e9es aux croyances des \u00eatres pensants, qui (par leur nombres) d\u00e9finissent le pouvoir et les caract\u00e9ristiques des cr\u00e9atures. Il existe deux types de ces cr\u00e9atures : Les R\u00eaves\/Cauchemars et les Dieux. La diff\u00e9rence fondamental est la conscience de soie.<\/p>\n\n\n\n<p>Les dieux sont conscients de la nature de leur existences (et souffres g\u00e9n\u00e9ralement d&#8217;un complexe de sup\u00e9riorit\u00e9 ) la o\u00f9 les r\u00eaves\/cauchemars sont des cr\u00e9atures inconscientes limit\u00e9s dans leurs actions \u00e0 ce qu&#8217;ils sont suppos\u00e9 faire pour les r\u00eaveurs.<br>Ces entit\u00e9s sont sensible aux agressions physiques, mais sont immortelles, le seul moyen de les tuer serait de faire disparaitre tous les croyants. Il est toutefois possible de les disperser, les supprimant de l\u2019existence un certain temps.<\/p>\n\n\n\n<h3 class=\"wp-block-heading\">Devenir une cr\u00e9ature du culte<\/h3>\n\n\n\n<p>Pour un humain souhaitant transcender sa nature charnel et devenir un \u00eatre d\u2019\u00e9nergie, il est possible de devenir un divin en perdant son corps et \u00eatre capable d&#8217;amasser suffisamment d\u2019\u00e9nergie pour ancrer son \u00e2me au plan mat\u00e9riel. C&#8217;est different d&#8217;un individu qui acquiert une nature divine en devenant une l\u00e9gende. <\/p>\n\n\n\n<h3 class=\"wp-block-heading\">\u00catre une cr\u00e9ature du culte<\/h3>\n\n\n\n<h5 class=\"wp-block-heading\">Lore<\/h5>\n\n\n\n<p>Les cr\u00e9atures du culte ont le probl\u00e8me permanent d\u2019\u00eatre constitu\u00e9 de magie qui tend \u00e0 se d\u00e9sordonne et se dispers\u00e9, ils perdent donc continuellement l\u2019\u00e9nergie qui les composent. Pour conserver leur existence, ils ont deux moyens : Trouv\u00e9 une enveloppe capable d&#8217;assur\u00e9 la coh\u00e9rence de leur forme (fusionn\u00e9 avec un humain, trouv\u00e9 un objet magique ad\u00e9quat) ou r\u00e9g\u00e9n\u00e9r\u00e9 leur magie continuellement. Certains se nourrissent de magie, en puisant dans les puits de magie ou en chassant des cr\u00e9atures magiques pour s\u2019approprie leur \u00e9nergie, d&#8217;autres sont suffisamment connu et signifiant pour qu&#8217;il g\u00e9n\u00e8re de l\u2019\u00e9nergie du culte . <\/p>\n\n\n\n<h5 class=\"wp-block-heading\">Gameplay<\/h5>\n\n\n\n<p>En devenant une cr\u00e9ature du culte, un personnage acquiert les traits suivants : ses pmc sont doubl\u00e9, puis ses pm et ses pv sont convertie en pmc. Ils n&#8217;ont plus de pmc max, <\/p>\n\n\n\n<p> Les pouvoirs des dieux sont d\u00e9pendant de la nature divine (l\u2019\u00e9nergie du  dieu, justice mal mort guerre ect &#8230; ) Mais ils poss\u00e8dent tous des  traits communs. <\/p>\n\n\n\n<p> Ils acquiert les talent &#8220;complet&#8221;, &#8220;Pens\u00e9e magique&#8221;, &#8220;Eveil magique : &lt;nature divine>&#8221; et &#8220;Vision magique&#8221;.Ils sont immunis\u00e9 aux blessures (pas de saignement ou de malus quelconque pour les attaques subit). Ils n&#8217;ont pas de pv, et utilisent leur pmc pour leurs magies et leur survie. Ils peuvent prendre l\u2019apparence physique de leur choix (en fonction de la nature divine, ils sont limit\u00e9 \u00e0 une apparence humano\u00efde). <\/p>\n\n\n\n<p>Ils conservent leur pouvoirs raciaux (si ils \u00e9taient humain avant), et ont la capacit\u00e9 magie spontan\u00e9 3. Ils n&#8217;ont pas de caract\u00e9ristique physiques et utilisent leur caract\u00e9ristique de MAG pour les jets de FO et CONS, et celle d&#8217;INT pour les jet d&#8217;ADR et de DEX. Ils ont les pouvoirs : <a href=\"http:\/\/lagornis.fr\/lecteur\/?id=96\">D\u00e9placement \u00e9nerg\u00e9tique <\/a> et <a href=\"http:\/\/lagornis.fr\/lecteur\/?id=97\">Impact \u00e9nerg\u00e9tique <\/a>. Ils perdent les \u00e9ventuelles mutations. <\/p>\n\n\n\n<p><\/p>\n\n\n\n<p><\/p>\n","protected":false},"excerpt":{"rendered":"<p>Les cr\u00e9atures de cultes sont des cr\u00e9atures magiques \u00e0 potentiel illimit\u00e9 : bien que composer d\u2019\u00e9nergie magique ils sont capables de voir leur pouvoir croitre. Leurs magies sont li\u00e9es aux croyances des \u00eatres pensants, qui (par leur nombres) d\u00e9finissent le pouvoir et les caract\u00e9ristiques des cr\u00e9atures. Il existe deux types de ces cr\u00e9atures : Les &hellip; <a href=\"https:\/\/old.lagornis.fr\/?page_id=189\" class=\"more-link\">Continue reading <span class=\"screen-reader-text\">Cr\u00e9atures de cultes<\/span> <span class=\"meta-nav\">&rarr;<\/span><\/a><\/p>\n","protected":false},"author":1,"featured_media":0,"parent":2280,"menu_order":1,"comment_status":"open","ping_status":"closed","template":"template_categorie.php","meta":{"footnotes":""},"class_list":["post-189","page","type-page","status-publish","hentry"],"_links":{"self":[{"href":"https:\/\/old.lagornis.fr\/index.php?rest_route=\/wp\/v2\/pages\/189","targetHints":{"allow":["GET"]}}],"collection":[{"href":"https:\/\/old.lagornis.fr\/index.php?rest_route=\/wp\/v2\/pages"}],"about":[{"href":"https:\/\/old.lagornis.fr\/index.php?rest_route=\/wp\/v2\/types\/page"}],"author":[{"embeddable":true,"href":"https:\/\/old.lagornis.fr\/index.php?rest_route=\/wp\/v2\/users\/1"}],"replies":[{"embeddable":true,"href":"https:\/\/old.lagornis.fr\/index.php?rest_route=%2Fwp%2Fv2%2Fcomments&post=189"}],"version-history":[{"count":0,"href":"https:\/\/old.lagornis.fr\/index.php?rest_route=\/wp\/v2\/pages\/189\/revisions"}],"up":[{"embeddable":true,"href":"https:\/\/old.lagornis.fr\/index.php?rest_route=\/wp\/v2\/pages\/2280"}],"wp:attachment":[{"href":"https:\/\/old.lagornis.fr\/index.php?rest_route=%2Fwp%2Fv2%2Fmedia&parent=189"}],"curies":[{"name":"wp","href":"https:\/\/api.w.org\/{rel}","templated":true}]}}