{"id":157,"date":"2017-11-16T14:49:35","date_gmt":"2017-11-16T13:49:35","guid":{"rendered":"http:\/\/lagornis.monbacasable.fr\/?p=157"},"modified":"2017-11-16T14:49:35","modified_gmt":"2017-11-16T13:49:35","slug":"blessures","status":"publish","type":"page","link":"https:\/\/old.lagornis.fr\/?page_id=157","title":{"rendered":"Blessures"},"content":{"rendered":"<p>Lorsque les joueurs combattent, ils prennent des coups, et subissent des d\u00e9g\u00e2ts. Chaque pts de d\u00e9g\u00e2ts diminue le nombre de point de vie du personnage, arriver \u00e0 0 le personnage tombe inconscient, \u00e0 -(PV_MAX) il meurs. Lorsque le personnage subit plus de 2*CONS pts de d\u00e9g\u00e2ts d&#8217;un seul coup, il cour le risque de subir <em>une blessure<\/em>, il existe 4 niveaux de blessures :<\/p>\n<ul style=\"list-style-type: circle;\">\n<li>L\u00e9g\u00e8re : La partie du corps bless\u00e9 donne un malus de 1 \u00e0 tous les jets en lien, de simples premiers soins la font disparaitre<\/li>\n<li>Medium : Le malus est similaire \u00e0 une blessure l\u00e9g\u00e8re, mais la gu\u00e9rison n\u00e9cessite du temps et des soins<\/li>\n<li>Grave : Le malus est de 2, et sans soin la blessure deviendra critique en 2 tours, des premiers soin stabilise, mais des soins avanc\u00e9 sont n\u00e9cessaire pour passer en Medium.<\/li>\n<li>Critique : Le malus est de 2, le personnage perd 3 points de vie \u00e0 chaque tours (et fait donc un jet de blessure sur tout le corps), il subit \u00e9galement un malus de 1 \u00e0 la constitution. Des premiers soins r\u00e9guliers sont n\u00e9cessaires pour stabiliser la blessure.Des soins majeurs sont n\u00e9cessaire pour \u00e9viter les s\u00e9quelles<\/li>\n<\/ul>\n<p>Le jet de blessure est un jet de constitution\u00a0 &#8211; d\u00e9g\u00e2ts , avec multiple niveau de difficult\u00e9 :<\/p>\n<ul style=\"list-style-type: square;\">\n<li>&lt;12 -&gt; Blessure L\u00e9g\u00e8re<\/li>\n<li>&lt;10 -&gt; Blessure Medium<\/li>\n<li>&lt;8 -&gt; Blessure grave<\/li>\n<li>&lt;6 -&gt; Blessure critique<\/li>\n<\/ul>\n","protected":false},"excerpt":{"rendered":"<p>Lorsque les joueurs combattent, ils prennent des coups, et subissent des d\u00e9g\u00e2ts. Chaque pts de d\u00e9g\u00e2ts diminue le nombre de point de vie du personnage, arriver \u00e0 0 le personnage tombe inconscient, \u00e0 -(PV_MAX) il meurs. Lorsque le personnage subit plus de 2*CONS pts de d\u00e9g\u00e2ts d&#8217;un seul coup, il cour le risque de subir &hellip; <a href=\"https:\/\/old.lagornis.fr\/?page_id=157\" class=\"more-link\">Continue reading <span class=\"screen-reader-text\">Blessures<\/span> <span class=\"meta-nav\">&rarr;<\/span><\/a><\/p>\n","protected":false},"author":1,"featured_media":0,"parent":0,"menu_order":0,"comment_status":"open","ping_status":"closed","template":"","meta":{"footnotes":""},"class_list":["post-157","page","type-page","status-publish","hentry"],"_links":{"self":[{"href":"https:\/\/old.lagornis.fr\/index.php?rest_route=\/wp\/v2\/pages\/157","targetHints":{"allow":["GET"]}}],"collection":[{"href":"https:\/\/old.lagornis.fr\/index.php?rest_route=\/wp\/v2\/pages"}],"about":[{"href":"https:\/\/old.lagornis.fr\/index.php?rest_route=\/wp\/v2\/types\/page"}],"author":[{"embeddable":true,"href":"https:\/\/old.lagornis.fr\/index.php?rest_route=\/wp\/v2\/users\/1"}],"replies":[{"embeddable":true,"href":"https:\/\/old.lagornis.fr\/index.php?rest_route=%2Fwp%2Fv2%2Fcomments&post=157"}],"version-history":[{"count":0,"href":"https:\/\/old.lagornis.fr\/index.php?rest_route=\/wp\/v2\/pages\/157\/revisions"}],"wp:attachment":[{"href":"https:\/\/old.lagornis.fr\/index.php?rest_route=%2Fwp%2Fv2%2Fmedia&parent=157"}],"curies":[{"name":"wp","href":"https:\/\/api.w.org\/{rel}","templated":true}]}}