{"id":150,"date":"2017-11-14T09:56:20","date_gmt":"2017-11-14T08:56:20","guid":{"rendered":"http:\/\/lagornis.monbacasable.fr\/?p=150"},"modified":"2017-11-14T09:56:20","modified_gmt":"2017-11-14T08:56:20","slug":"magie-noir","status":"publish","type":"page","link":"https:\/\/old.lagornis.fr\/?page_id=150","title":{"rendered":"Magie Noir"},"content":{"rendered":"<p>Depuis l&#8217;arriv\u00e9e des cr\u00e9atures du culte dans le monde, la magie a subit un changement brutal : les \u00e9motions, les opinions et les croyances devinrent parfois tangible.<\/p>\n<p>Une des cons\u00e9quences de ce changement dans la magie fut l&#8217;apparition de la magie noir, certaines personnes ayant succomber au cot\u00e9 obscure de la force devinrent des &#8220;mages noirs&#8221;, des individu utilisant des forces magiques li\u00e9 \u00e0 l&#8217;obscurit\u00e9, la mort et la souffrance.<\/p>\n<p>Un personnage utilisant la magie noir est virtuellement un pr\u00eatre ou un paladin (avec un pool de sorts adapt\u00e9), son utilisation de la magie est similaire.<br \/>\nLes points de magie du culte sont  utilisable pour r\u00e9g\u00e9n\u00e9rer ses propres points de vie, faire appel aux magies noirs. La r\u00e9g\u00e9n\u00e9ration se fait en accomplissant des actions contraires \u00e0 la morale et tant qu&#8217;un personnage poss\u00e8de des points de magie noir il a une aura de obscure(perceptible uniquement par les individu ayant des capacit\u00e9 ad\u00e9quate (le nombre de points affecte la visibilit\u00e9 de l&#8217;aura, les seigneurs noir des terres obscures sont discernable par le commun des mortels, par exemple) ).<\/p>\n<p>L&#8217;utilisation de pouvoirs de magies noir avec des points de magie classiques coutent (au choix) 1points de magies suppl\u00e9mentaire par point ou 1 point de vie (exemple : un sort a 4 Magies noir, coutera soit : 8 magies ou 4 magies et 4 points de vies).<\/p>\n<p>La magie noir :<br \/>\nTu as tes points actif (PA) et tes points totaux (PT). L&#8217;une des particularit\u00e9 de la magie noir c&#8217;est qu&#8217;il n&#8217;y a pas de regen passif des points.<br \/>\nPour r\u00e9g\u00e9n\u00e9rer tes PA, tu as deux mani\u00e8res :<br \/>\n-Faire des actions contraire \u00e0 la morale (par exemple : enfreindre la loi, pratique sexuel tabou, , mensonge, etc.. ), en fonction de la gravit\u00e9 de l&#8217;action le nombre de points r\u00e9g\u00e9n\u00e9rer varie.<br \/>\n-Sacrifier son \u00e9nergie, en p\u00e9riode de m\u00e9ditation il est possible de sacrifier un point de vie et un point de magie pour r\u00e9g\u00e9n\u00e9rer un point de magie noir (1point\/heure). Il est \u00e9galement possible d&#8217;utiliser cette technique en combat (remplacer l&#8217;utilisation de magie noir par son \u00e9quivalent en vie+magie). <\/p>\n<p>Les PT peuvent \u00eatre augmenter en montant de niveau, mais \u00e9galement lors de franchissement de sa propre ligne morale (par exemple : tuer un enfant, un ami etc &#8230; ), chaque actions \u00e9loignant le personnage de son humanit\u00e9 le rend plus puissant.<\/p>\n","protected":false},"excerpt":{"rendered":"<p>Depuis l&#8217;arriv\u00e9e des cr\u00e9atures du culte dans le monde, la magie a subit un changement brutal : les \u00e9motions, les opinions et les croyances devinrent parfois tangible. Une des cons\u00e9quences de ce changement dans la magie fut l&#8217;apparition de la magie noir, certaines personnes ayant succomber au cot\u00e9 obscure de la force devinrent des &#8220;mages &hellip; <a href=\"https:\/\/old.lagornis.fr\/?page_id=150\" class=\"more-link\">Continue reading <span class=\"screen-reader-text\">Magie Noir<\/span> <span class=\"meta-nav\">&rarr;<\/span><\/a><\/p>\n","protected":false},"author":1,"featured_media":0,"parent":0,"menu_order":0,"comment_status":"open","ping_status":"open","template":"","meta":{"footnotes":""},"class_list":["post-150","page","type-page","status-publish","hentry"],"_links":{"self":[{"href":"https:\/\/old.lagornis.fr\/index.php?rest_route=\/wp\/v2\/pages\/150","targetHints":{"allow":["GET"]}}],"collection":[{"href":"https:\/\/old.lagornis.fr\/index.php?rest_route=\/wp\/v2\/pages"}],"about":[{"href":"https:\/\/old.lagornis.fr\/index.php?rest_route=\/wp\/v2\/types\/page"}],"author":[{"embeddable":true,"href":"https:\/\/old.lagornis.fr\/index.php?rest_route=\/wp\/v2\/users\/1"}],"replies":[{"embeddable":true,"href":"https:\/\/old.lagornis.fr\/index.php?rest_route=%2Fwp%2Fv2%2Fcomments&post=150"}],"version-history":[{"count":0,"href":"https:\/\/old.lagornis.fr\/index.php?rest_route=\/wp\/v2\/pages\/150\/revisions"}],"wp:attachment":[{"href":"https:\/\/old.lagornis.fr\/index.php?rest_route=%2Fwp%2Fv2%2Fmedia&parent=150"}],"curies":[{"name":"wp","href":"https:\/\/api.w.org\/{rel}","templated":true}]}}