{"id":137,"date":"2017-11-13T10:39:03","date_gmt":"2017-11-13T09:39:03","guid":{"rendered":"http:\/\/lagornis.monbacasable.fr\/?p=137"},"modified":"2017-11-13T10:39:03","modified_gmt":"2017-11-13T09:39:03","slug":"creation-de-personnage","status":"publish","type":"page","link":"https:\/\/old.lagornis.fr\/?page_id=137","title":{"rendered":"Cr\u00e9ation de personnage"},"content":{"rendered":"\n<div class=\"wp-block-image\"><figure class=\"alignleft\"><a href=\"http:\/\/lagornis.fr\/personnages\/Feuille_carac_vide_editable.pdf\" target=\"_blank\" rel=\"noopener noreferrer\"><img loading=\"lazy\" decoding=\"async\" width=\"212\" height=\"300\" src=\"http:\/\/old.lagornis.fr\/wp-content\/uploads\/2017\/11\/feuille_carac-212x300.png\" alt=\"\" class=\"wp-image-142\" srcset=\"https:\/\/old.lagornis.fr\/wp-content\/uploads\/2017\/11\/feuille_carac-212x300.png 212w, https:\/\/old.lagornis.fr\/wp-content\/uploads\/2017\/11\/feuille_carac-724x1024.png 724w, https:\/\/old.lagornis.fr\/wp-content\/uploads\/2017\/11\/feuille_carac-768x1087.png 768w, https:\/\/old.lagornis.fr\/wp-content\/uploads\/2017\/11\/feuille_carac-1086x1536.png 1086w, https:\/\/old.lagornis.fr\/wp-content\/uploads\/2017\/11\/feuille_carac-1447x2048.png 1447w\" sizes=\"auto, (max-width: 212px) 100vw, 212px\" \/><\/a><\/figure><\/div>\n\n\n\n<p>Pour une cr\u00e9ation rapide, ignor\u00e9 les points de background et ajout\u00e9 4 points de comp\u00e9tences au personnage.<\/p>\n\n\n\n<p>Un personnage peut choisir des avantages de background, il commence avec 2 points de <a href=\"http:\/\/lagornis.fr\/background\/\">background<\/a> . Les points de background repr\u00e9sente les \u00e9v\u00e9nements survenu au personnage pendant sa jeunesse (avant qu&#8217;il parte \u00e0 l&#8217;aventure, en parall\u00e8le de ses \u00e9tudes). Il peut avoir jusqu\u2019\u00e0 4 backgrounds n\u00e9gatifs (des \u00e9v\u00e9nements traumatisant, ou a effet majeur sur le pass\u00e9 du personnage) et autant de backgrounds positif que voulu.<br>Les points de background sont une m\u00e9caniques de gameplay, un background plus complet au niveau rp peut \u00eatre r\u00e9alis\u00e9, il n&#8217;aura juste un impact leger sur les caract\u00e9ristique et comp\u00e9tences du personnage. Pour un background complet qui affecterais massivement les capacit\u00e9s d&#8217;un personnage, s&#8217;adresser au MJ.<\/p>\n\n\n\n<h2 class=\"wp-block-heading\">Race<\/h2>\n\n\n\n<p>Le joueur choisis la race de son personnage parmis toute celle disponnible dans la r\u00e9gion o\u00f9 se deroulera la campagne, la race d&#8217;un personnage defini plusieurs elements : <\/p>\n\n\n\n<ul class=\"wp-block-list\"><li>Son apparance<\/li><li>Son pouvoir racial<\/li><li>Ses caracteristiques initial<\/li><li>Ses points de vie.<\/li><\/ul>\n\n\n\n<h2 class=\"wp-block-heading\">Caract\u00e9ristiques<\/h2>\n\n\n\n<p>Un personnage a initialement <strong>0 dans chaque caracteristiques <\/strong>.  Il peut ensuite ajouter 10 points qu&#8217;il distribue librement, mais il ne peut pas avoir une caract\u00e9ristiques d\u00e9passant 3 \u00e0 ce stade, et il doit respecter les Max et Min de sa race (La carac min doit \u00eatre la plus basse et la carac Max doit \u00eatre la plus haut ).  Il ajoute ou soustrait ensuite les modificateurs de la race (par exemple un orc a un bonus de 1 \u00e0 sa force et constitution ). Derni\u00e8rement, il peut ajouter les \u00e9ventuelles bonus ou malus de caract\u00e9ristique du background. <\/p>\n\n\n\n<p><s>Le joueur doit choisir une <\/s><a rel=\"noopener noreferrer\" href=\"http:\/\/lagornis.fr\/races\/\" target=\"_blank\"><s>race<\/s><\/a><s><br>une race contient deux informations technique : un pouvoir et des affectation de states (Min,Max, bonus, points de vie et mana).<br>La valeur de Min correspond \u00e0 la caract\u00e9ristique minimal de la race -&gt; au niveau 1 un personnage ne peut pas avoir de caract\u00e9ristiques inf\u00e9rieur \u00e0 la minimal, cette caract\u00e9ristique ne pourra pas depasser 5 naturelement (via la mont\u00e9 de niveau )<br>La valeur de Max correspond \u00e0 la caract\u00e9ristique maximal de la race -&gt; au niveau 1 un personnage ne peut pas avoir de caract\u00e9ristiques superieur \u00e0 la maximal , cette caract\u00e9ristique pourra atteindre 7 naturelement (via la mont\u00e9 de niveau )<br>En plus de cela une race classique a deux caract\u00e9ristiques commencant \u00e0 2.<\/s><\/p>\n\n\n\n<p><s>Les caract\u00e9ristiques d&#8217;un personnage sont initialement \u00e0 1, s&#8217;applique ensuite le bonus de race (une ou deux caract\u00e9ristiques \u00e0 2 )<br>Ensuite, le personnage doit repartir 7 points de caract\u00e9ristiques \u00e0 sa guise. (un personnage de niveau 1 ne peut pas avoir une caract\u00e9ristiques sup\u00e9rieur \u00e0 4 ) (Voir <\/s><a rel=\"noopener noreferrer\" href=\"http:\/\/lagornis.fr\/caracteristiques\/\" target=\"_blank\"><s>caract\u00e9ristiques<\/s><\/a><s>)<\/s><\/p>\n\n\n\n<h2 class=\"wp-block-heading\">PV &amp; PM<\/h2>\n\n\n\n<p>Les points de vie et points de magies initiaux sont d\u00e9fini par la race, la race indique \u00e9galement un certain nombre de points \u00e0 repartir (AR ) qui sont \u00e0 placer librement entre les pv ou les pm<\/p>\n\n\n\n<p><s>Chaque races ont un nombre de point de vie et de mana initiaux ainsi qu&#8217;un pool \u00e0 distribuer librement. Les classes maniant une magie du culte peuvent librement placer une partie (ou la totalit\u00e9) des points de magie en tant que point de magie culte.<\/s><a href=\"http:\/\/lagornis.fr\/points-de-magie-et-points-de-magie-du-culte\/\"><s>(point de magie)<\/s><\/a><\/p>\n\n\n\n<h2 class=\"wp-block-heading\">Classes<\/h2>\n\n\n\n<p>La classe va definir les comp\u00e9tences initiales du personnage. Il a le choix entre 3 classes initials : <\/p>\n\n\n\n<h3 class=\"wp-block-heading\">Combattant<\/h3>\n\n\n\n<ul class=\"wp-block-list\"><li>Une maitrise d&#8217;arme (3\/2 ) <\/li><li>Une comp\u00e9tence de d\u00e9fense (Parade, esquive )  (3\/2 ) <\/li><\/ul>\n\n\n\n<h3 class=\"wp-block-heading\">Mage<\/h3>\n\n\n\n<ul class=\"wp-block-list\"><li>Un sort rare (2\/1 )<\/li><li>Deux sorts communs (1\/1)<\/li><li>Un sort rare (1\/1)<\/li><\/ul>\n\n\n\n<h3 class=\"wp-block-heading\">Pr\u00eatre<\/h3>\n\n\n\n<ul class=\"wp-block-list\"><li>Une pri\u00e8re rare (2\/1)<\/li><li>Deux pri\u00e8res communes (1\/1 ) <\/li><li>Une pri\u00e8re rare (1\/1)<\/li><\/ul>\n\n\n\n<p><s>La classe repr\u00e9sente les comp\u00e9tences initial d&#8217;un personnage, elle d\u00e9finit son set de comp\u00e9tences.<br>Une classe comprend un certain nombre de comp\u00e9tences que le personnage a initialement \u00e0 0\/0, elle d\u00e9finit \u00e9galement l\u2019acc\u00e8s \u00e0 des comp\u00e9tences magiques : un mage est consid\u00e9rer avoir tous les sorts de son ecoles \u00e0 0\/0, un maitre de la magie du culte a toute les pri\u00e8res li\u00e9 \u00e0 son cultes (\u00e9ventuellement restreintes en fonction du culte ou de la fonction) .<\/s><\/p>\n\n\n\n<p>Les comp\u00e9tences d\u00e9crivent les actions que le joueurs peut effectuer avec son personnages, au niveau 1 il poss\u00e8de 3 comp\u00e9tences \u00e0 0\/0 de son choix (en plus des comp\u00e9tences de classe), ces comp\u00e9tences peuvent \u00eatre des sorts\/pri\u00e8res (il peut avoir 3 sorts hors classes\/\u00e9coles, mais pas avoir 3 \u00e9coles\/dieux suppl\u00e9mentaires) .<\/p>\n\n\n\n<p>Le personnage commence avec 15 + SOC points de comp\u00e9tences. Chaque comp\u00e9tences est constitu\u00e9 soit :<br>\/ : 1 point pour activer la comp\u00e9tence (qui devient 1\/1). Puis 1 point pour augmenter la niveau de maitrise ou 2 point pour augmenter le niveau de puissance.<br>soit il s&#8217;agit de comp\u00e9tence passives, elles n&#8217;ont que un niveau de puissance, et coute donc 2 points par niveau. (voir <a rel=\"noopener noreferrer\" href=\"http:\/\/lagornis.fr\/competences\/\" target=\"_blank\">Comp\u00e9tences&nbsp;<\/a>(il n&#8217;y a pas de limite de nombres de comp\u00e9tences pour un personnage)<br>La puissance ou la maitrise d&#8217;une comp\u00e9tence ne peut pas d\u00e9passer le niveau 4.<br>Un personnage poss\u00e8de initialement la comp\u00e9tence &#8220;Pouvoir racial&#8221; \u00e0 0\/1, elle est mont\u00e9 de mani\u00e8re similaires au autres comp\u00e9tences, \u00e0 l&#8217;exception que le niveau de puissance de cette comp\u00e9tence doit rester inf\u00e9rieur ou \u00e9gal au niveau du personnage.<\/p>\n\n\n\n<p>Calculer <a href=\"http:\/\/lagornis.fr\/aura-magique\/\">l&#8217;aura magique et la perception magique<\/a><\/p>\n\n\n\n<p><s>V\u00e9rifier les \u00e9ventuelles bonus li\u00e9 aux <\/s><a href=\"http:\/\/lagornis.fr\/caracteristiques\/\"><s>carac<\/s><\/a><s> ou les <\/s><a href=\"http:\/\/lagornis.fr\/talents\/\"><s>talents<\/s><\/a><br><\/p>\n\n\n\n<p>L&#8217;inventaire et la fortune initial d\u00e9pendent de la classe du personnage (en cas de multi classe, choisir l&#8217;une des deux).<\/p>\n\n\n\n<p><a href=\"http:\/\/lagornis.fr\/personnages\/Feuille_carac_vide_editable.pdf\">Feuille de personnage num\u00e9rique <\/a><\/p>\n\n\n\n<p><a href=\"http:\/\/lagornis.fr\/personnages\/http:\/\/lagornis.fr\/personnages\/Feuille_editable_compagnon.pdf\">Feuille de compagnon<\/a><\/p>\n","protected":false},"excerpt":{"rendered":"<p>Pour une cr\u00e9ation rapide, ignor\u00e9 les points de background et ajout\u00e9 4 points de comp\u00e9tences au personnage. Un personnage peut choisir des avantages de background, il commence avec 2 points de background . Les points de background repr\u00e9sente les \u00e9v\u00e9nements survenu au personnage pendant sa jeunesse (avant qu&#8217;il parte \u00e0 l&#8217;aventure, en parall\u00e8le de ses &hellip; <a href=\"https:\/\/old.lagornis.fr\/?page_id=137\" class=\"more-link\">Continue reading <span class=\"screen-reader-text\">Cr\u00e9ation de personnage<\/span> <span class=\"meta-nav\">&rarr;<\/span><\/a><\/p>\n","protected":false},"author":1,"featured_media":0,"parent":2697,"menu_order":0,"comment_status":"open","ping_status":"closed","template":"","meta":{"footnotes":""},"class_list":["post-137","page","type-page","status-publish","hentry"],"_links":{"self":[{"href":"https:\/\/old.lagornis.fr\/index.php?rest_route=\/wp\/v2\/pages\/137","targetHints":{"allow":["GET"]}}],"collection":[{"href":"https:\/\/old.lagornis.fr\/index.php?rest_route=\/wp\/v2\/pages"}],"about":[{"href":"https:\/\/old.lagornis.fr\/index.php?rest_route=\/wp\/v2\/types\/page"}],"author":[{"embeddable":true,"href":"https:\/\/old.lagornis.fr\/index.php?rest_route=\/wp\/v2\/users\/1"}],"replies":[{"embeddable":true,"href":"https:\/\/old.lagornis.fr\/index.php?rest_route=%2Fwp%2Fv2%2Fcomments&post=137"}],"version-history":[{"count":0,"href":"https:\/\/old.lagornis.fr\/index.php?rest_route=\/wp\/v2\/pages\/137\/revisions"}],"up":[{"embeddable":true,"href":"https:\/\/old.lagornis.fr\/index.php?rest_route=\/wp\/v2\/pages\/2697"}],"wp:attachment":[{"href":"https:\/\/old.lagornis.fr\/index.php?rest_route=%2Fwp%2Fv2%2Fmedia&parent=137"}],"curies":[{"name":"wp","href":"https:\/\/api.w.org\/{rel}","templated":true}]}}