{"id":12,"date":"2017-10-05T11:46:18","date_gmt":"2017-10-05T09:46:18","guid":{"rendered":"http:\/\/lagornis.monbacasable.fr\/?p=12"},"modified":"2025-02-04T14:05:20","modified_gmt":"2025-02-04T14:05:20","slug":"histoire","status":"publish","type":"page","link":"https:\/\/old.lagornis.fr\/?page_id=12","title":{"rendered":"Histoire"},"content":{"rendered":"\n<p>Dur\u00e9e : ??? -&gt; <a href=\"http:\/\/lagornis.fr\/2017\/10\/05\/age-de-la-science\/\">Age de la science<\/a><\/p>\n\n\n\n<p>D\u00e9but : -400PA Dur\u00e9e : 4 si\u00e8cles -&gt; <a href=\"http:\/\/lagornis.fr\/premiere-grande-guerre\/\">Premi\u00e8re Grande Guerre<\/a><\/p>\n\n\n\n<p>D\u00e9but :0PA\/-2600PG Dur\u00e9e : 4 si\u00e8cles -&gt; <a href=\"http:\/\/lagornis.fr\/age-des-anciens\/\">Age de H\u00e9ros<\/a><\/p>\n\n\n\n<p>D\u00e9but :400PA\/-2200PG Dur\u00e9e : 5 si\u00e8cles -&gt; Age des dieux<\/p>\n\n\n\n<p>430PA : Guerre draconnique <\/p>\n\n\n\n<p>800PA : R\u00e9volte divine. Fin de l&#8217;age des dieux.<\/p>\n\n\n\n<p>D\u00e9but :900PA\/-1700PG Dur\u00e9e : 15 si\u00e8cles -&gt; <a href=\"http:\/\/lagornis.fr\/age-de-la-magie\/\">Age de la magie<\/a><\/p>\n\n\n\n<p>D\u00e9but :2400 PA\/-200PG Dur\u00e9e : 1.5 si\u00e8cles -&gt; <a href=\"http:\/\/lagornis.fr\/seconde-grande-guerre\/\">Seconde Grande Guerre<\/a><\/p>\n\n\n\n<p>D\u00e9but :2600PA\/ 0 PG Dur\u00e9e : 4 si\u00e8cles -&gt; <a href=\"http:\/\/lagornis.fr\/age-moderne\/\">Age Moderne<\/a><\/p>\n\n\n\n<p>Campagne 1 (fermeture du portail, 08\/2017-&gt;05\/2018) 510 PG<\/p>\n\n\n\n<p>Guerre du feu : 516PG<\/p>\n\n\n\n<p>Maintenant : 517PG<\/p>\n\n\n\n<figure class=\"wp-block-image is-resized\"><a href=\"http:\/\/old.lagornis.fr\/wp-content\/uploads\/2019\/06\/frise_histoire.png\" target=\"_blank\" rel=\"noreferrer noopener\"><img loading=\"lazy\" decoding=\"async\" width=\"1024\" height=\"363\" src=\"http:\/\/old.lagornis.fr\/wp-content\/uploads\/2019\/06\/frise_histoire-1024x363.png\" alt=\"\" class=\"wp-image-2614\" style=\"width:1024px;height:363px\" srcset=\"https:\/\/old.lagornis.fr\/wp-content\/uploads\/2019\/06\/frise_histoire-1024x363.png 1024w, https:\/\/old.lagornis.fr\/wp-content\/uploads\/2019\/06\/frise_histoire-300x106.png 300w, https:\/\/old.lagornis.fr\/wp-content\/uploads\/2019\/06\/frise_histoire-768x272.png 768w, https:\/\/old.lagornis.fr\/wp-content\/uploads\/2019\/06\/frise_histoire-1536x544.png 1536w, https:\/\/old.lagornis.fr\/wp-content\/uploads\/2019\/06\/frise_histoire-2048x726.png 2048w\" sizes=\"auto, (max-width: 1024px) 100vw, 1024px\" \/><\/a><\/figure>\n\n\n\n<p>Importer sur wiki<\/p>\n","protected":false},"excerpt":{"rendered":"<p>Dur\u00e9e : ??? -&gt; Age de la science D\u00e9but : -400PA Dur\u00e9e : 4 si\u00e8cles -&gt; Premi\u00e8re Grande Guerre D\u00e9but :0PA\/-2600PG Dur\u00e9e : 4 si\u00e8cles -&gt; Age de H\u00e9ros D\u00e9but :400PA\/-2200PG Dur\u00e9e : 5 si\u00e8cles -&gt; Age des dieux 430PA : Guerre draconnique 800PA : R\u00e9volte divine. Fin de l&#8217;age des dieux. D\u00e9but :900PA\/-1700PG Dur\u00e9e &hellip; <a href=\"https:\/\/old.lagornis.fr\/?page_id=12\" class=\"more-link\">Continue reading <span class=\"screen-reader-text\">Histoire<\/span> <span class=\"meta-nav\">&rarr;<\/span><\/a><\/p>\n","protected":false},"author":1,"featured_media":0,"parent":0,"menu_order":0,"comment_status":"open","ping_status":"open","template":"template_categorie.php","meta":{"footnotes":""},"class_list":["post-12","page","type-page","status-publish","hentry"],"_links":{"self":[{"href":"https:\/\/old.lagornis.fr\/index.php?rest_route=\/wp\/v2\/pages\/12","targetHints":{"allow":["GET"]}}],"collection":[{"href":"https:\/\/old.lagornis.fr\/index.php?rest_route=\/wp\/v2\/pages"}],"about":[{"href":"https:\/\/old.lagornis.fr\/index.php?rest_route=\/wp\/v2\/types\/page"}],"author":[{"embeddable":true,"href":"https:\/\/old.lagornis.fr\/index.php?rest_route=\/wp\/v2\/users\/1"}],"replies":[{"embeddable":true,"href":"https:\/\/old.lagornis.fr\/index.php?rest_route=%2Fwp%2Fv2%2Fcomments&post=12"}],"version-history":[{"count":1,"href":"https:\/\/old.lagornis.fr\/index.php?rest_route=\/wp\/v2\/pages\/12\/revisions"}],"predecessor-version":[{"id":2906,"href":"https:\/\/old.lagornis.fr\/index.php?rest_route=\/wp\/v2\/pages\/12\/revisions\/2906"}],"wp:attachment":[{"href":"https:\/\/old.lagornis.fr\/index.php?rest_route=%2Fwp%2Fv2%2Fmedia&parent=12"}],"curies":[{"name":"wp","href":"https:\/\/api.w.org\/{rel}","templated":true}]}}