{"id":1078,"date":"2019-01-04T00:10:47","date_gmt":"2019-01-03T23:10:47","guid":{"rendered":"http:\/\/lagornis.monbacasable.fr\/?p=1078"},"modified":"2019-01-04T00:10:47","modified_gmt":"2019-01-03T23:10:47","slug":"armes-de-legende","status":"publish","type":"page","link":"https:\/\/old.lagornis.fr\/?page_id=1078","title":{"rendered":"Les armes de l\u00e9gende"},"content":{"rendered":"\n<h2 class=\"wp-block-heading\">La lame de l&#8217;empereur mage<\/h2>\n\n\n\n<p>La lame de l&#8217;empereur mage est un artefact l\u00e9gendaire datant de la guerre des dieux, il s&#8217;agirait d&#8217;un objet surpuissant utiliser par un g\u00e9n\u00e9ral des arm\u00e9es humaines contre les dieux.<\/p>\n\n\n\n<p>Chaque morceau de l&#8217;arme poss\u00e9derait une capacit\u00e9 magique diff\u00e9rente :<br>-Le premier tranchant est absolu, il tranche la chaire, l&#8217;acier ou la roche d&#8217;un seul geste et sans mal<br>-Le second tranchant coupe la magie, d\u00e9truisant tout enchantement ou rituel magique touch\u00e9<br>-La premi\u00e8re goutti\u00e8re (plat de la lame) renvoie toute forme de magique sur son lanceur<br>-La seconde goutti\u00e8re repousse ce qui le touche (une fl\u00e8che repartirais vers l&#8217;adversaire, un coup d&#8217;\u00e9p\u00e9e d\u00e9sarmerais l&#8217;adversaire ou le projetterait au loin )<br>-La pointe brise ce qui est touch\u00e9 par celle ci (inflige 10d10 dommages)<br>-La fus\u00e9e octroi force et vitesse \u00e0 la personne qui manie l&#8217;arme, le rendant capable d&#8217;affronter les ennemis les plus f\u00e9roces<br>-Le pommeau gu\u00e9rit les blessures de quiconque entre en contact avec<\/p>\n\n\n\n<p>Cette \u00e9p\u00e9e longue est d&#8217;un ouvrage exceptionnelle, elle fut transmis durant des g\u00e9n\u00e9rations avant de myst\u00e9rieusement disparaitre.<\/p>\n\n\n\n<h2 class=\"wp-block-heading\">La lame de l&#8217;escrimeur<\/h2>\n\n\n\n<p>Il s&#8217;agit de l&#8217;\u00e9p\u00e9e de l&#8217;escrimeur, un ancien dieu mort pendant la seconde grande guerre. Cette arme donne \u00e0 son porteur des comp\u00e9tences martial extr\u00eame, en faisant un combattant d&#8217;exception capable de tenir t\u00eate m\u00eame aux plus grands.<\/p>\n\n\n\n<p>L&#8217;\u00e9p\u00e9e est une rapi\u00e8re en acier h\u00e9ro\u00efque. Sa magie lui octroie une durabilit\u00e9 infini.<\/p>\n\n\n\n<p>1d8 +8 dgts . +5 maitrise. Arme l\u00e9g\u00e8re.<\/p>\n\n\n\n<p>Quand manier, l&#8217;arme donne 1 attaque et 1 parade suppl\u00e9mentaire au personnage. Il gagne \u00e9galement 4 niveaux en parade et d\u00e9sarmement. Les parades ne g\u00e9n\u00e8re plus de fatigue. L&#8217;\u00e9p\u00e9e donne un anti malus aux actions de combats de 10.Les bonus de efficace et maitrise d&#8217;arme l\u00e9g\u00e8re sont doubl\u00e9. +5 maitrise maitrise d&#8217;arme l\u00e9g\u00e8re. <br><\/p>\n","protected":false},"excerpt":{"rendered":"<p>La lame de l&#8217;empereur mage La lame de l&#8217;empereur mage est un artefact l\u00e9gendaire datant de la guerre des dieux, il s&#8217;agirait d&#8217;un objet surpuissant utiliser par un g\u00e9n\u00e9ral des arm\u00e9es humaines contre les dieux. Chaque morceau de l&#8217;arme poss\u00e9derait une capacit\u00e9 magique diff\u00e9rente :-Le premier tranchant est absolu, il tranche la chaire, l&#8217;acier ou &hellip; <a href=\"https:\/\/old.lagornis.fr\/?page_id=1078\" class=\"more-link\">Continue reading <span class=\"screen-reader-text\">Les armes de l\u00e9gende<\/span> <span class=\"meta-nav\">&rarr;<\/span><\/a><\/p>\n","protected":false},"author":1,"featured_media":0,"parent":0,"menu_order":0,"comment_status":"open","ping_status":"closed","template":"","meta":{"footnotes":""},"class_list":["post-1078","page","type-page","status-publish","hentry"],"_links":{"self":[{"href":"https:\/\/old.lagornis.fr\/index.php?rest_route=\/wp\/v2\/pages\/1078","targetHints":{"allow":["GET"]}}],"collection":[{"href":"https:\/\/old.lagornis.fr\/index.php?rest_route=\/wp\/v2\/pages"}],"about":[{"href":"https:\/\/old.lagornis.fr\/index.php?rest_route=\/wp\/v2\/types\/page"}],"author":[{"embeddable":true,"href":"https:\/\/old.lagornis.fr\/index.php?rest_route=\/wp\/v2\/users\/1"}],"replies":[{"embeddable":true,"href":"https:\/\/old.lagornis.fr\/index.php?rest_route=%2Fwp%2Fv2%2Fcomments&post=1078"}],"version-history":[{"count":0,"href":"https:\/\/old.lagornis.fr\/index.php?rest_route=\/wp\/v2\/pages\/1078\/revisions"}],"wp:attachment":[{"href":"https:\/\/old.lagornis.fr\/index.php?rest_route=%2Fwp%2Fv2%2Fmedia&parent=1078"}],"curies":[{"name":"wp","href":"https:\/\/api.w.org\/{rel}","templated":true}]}}