{"id":1056,"date":"2019-01-03T15:56:59","date_gmt":"2019-01-03T14:56:59","guid":{"rendered":"http:\/\/lagornis.monbacasable.fr\/?p=1056"},"modified":"2019-01-03T15:56:59","modified_gmt":"2019-01-03T14:56:59","slug":"magie","status":"publish","type":"page","link":"https:\/\/old.lagornis.fr\/?page_id=1056","title":{"rendered":"Magie"},"content":{"rendered":"\n<h6 class=\"wp-block-heading\"><a href=\"http:\/\/lagornis.fr\/competences\/liste-des-sorts\/\">Liste des sorts<\/a><\/h6>\n\n\n\n<p>Un sort est compos\u00e9 de plusieurs variables :<\/p>\n\n\n\n<ul class=\"wp-block-list\"><li>Son niveau de maitrise : c&#8217;est le bonus au jet appliqu\u00e9 lors de l&#8217;utilisation du sort<\/li><li>Son niveau de puissance : C&#8217;est l&#8217;efficacit\u00e9 du sort, ses d\u00e9g\u00e2ts, sa port\u00e9e, sa zone d&#8217;effet etc &#8230;<\/li><li>Son cout : C&#8217;est le nombre de points de mana de base utilis\u00e9 pour le sort.<\/li><li>Son cout par tour, certains sorts sont actif pendant plusieurs tours et n\u00e9cessitent d\u2019\u00eatre aliment\u00e9 en continu. <\/li><li>Son type : Magie profane, de l&#8217;esprit<\/li><\/ul>\n\n\n\n<h3 class=\"wp-block-heading\">Puissance<\/h3>\n\n\n\n<p>La puissance d&#8217;un sort d\u00e9finit ses effets, chaque sort a une liste d&#8217;effets, plus le sort est connu a une puissance \u00e9lever plus ses effets sont puissants. <\/p>\n\n\n\n<h3 class=\"wp-block-heading\">Surcharge<\/h3>\n\n\n\n<p>Lors de l&#8217;utilisation d&#8217;un sort le personnage peut augmenter l&#8217;efficacit\u00e9 du sort, il peut multiplier son co\u00fbt par X (X \u00e9tant &lt;= MAG ) ce qui permet d&#8217;utiliser un sort comme si sont niveau de puissance \u00e9tait de X sup\u00e9rieur. Il est impossible de surcharg\u00e9 un sort ancien l\u00e9gendaire ou un pouvoir.<\/p>\n\n\n\n<h3 class=\"wp-block-heading\">Maitrise<\/h3>\n\n\n\n<p>Au niveaux 5,8,10 de ma\u00eetrise le sort gagne un point d&#8217;anti-malus, au niveau 5 l&#8217;utilisateur peut doubler la dur\u00e9e d&#8217;incantation du sort pour diviser le coup par deux (1 minimum), au niveau 8 l\u2019utilisateur peut utiliser ses sorts sans jet et \u00e0 coup r\u00e9duit (diviser par trois (1 minimum) )en dehors des combats dans l&#8217;utilisation basique du sort. Au niveau 10 l&#8217;utilisateur r\u00e9duit de une demi action la dur\u00e9e d&#8217;incantation.<\/p>\n\n\n\n<p>Au niveaux 5,8,10 de puissance lors de l&#8217;utilisation du sort la limite de X augmentent de 1. Au niveau 5 le sort peut \u00eatre utiliser gratuitement une fois par jour. Au niveau 8 le sort peut inclure les effets d&#8217;un autre sort. Au niveau 10 les points X bonus ont leur effets doubl\u00e9.<\/p>\n\n\n\n<p>Un jet de sort est calcul\u00e9 ainsi : <em><strong>2d6 + INT + Maitrise<\/strong><\/em><\/p>\n\n\n\n<h3 class=\"wp-block-heading\">Concentration<\/h3>\n\n\n\n<p>Certains sorts n\u00e9cessitent de la concentration. Cela signifie que pour que le sort reste actif le personnage doit rester concentr\u00e9. Il doit faire un jet de constitution quand il prend des d\u00e9g\u00e2ts, ou loupe un jet pour conserver la concentration. L&#8217;objectif du jet est de d\u00e9passer 8 ou le nombre de d\u00e9g\u00e2ts subis (le plus grand).  Lancer un nouveau sort brise automatiquement la concentration.<\/p>\n\n\n\n<p>Selon le type de magie, le personnage l&#8217;utilise diff\u00e9remment : <\/p>\n\n\n\n<h3 class=\"wp-block-heading\">Cout<\/h3>\n\n\n\n<p>Le cout d&#8217;un sort est consomm\u00e9 au lancement du sort, que celui ci fonctionne ou \u00e9choue. Le cout par tour est d\u00e9pens\u00e9 au d\u00e9but de chaque tour durant lequel le sort est maintenu (si le sort n&#8217;a pas de cout par tour il ne peut g\u00e9n\u00e9ralement pas \u00eatre maintenu. <\/p>\n\n\n\n<h3 class=\"wp-block-heading\">\u00c9cole de magie<\/h3>\n\n\n\n<p>L&#8217;\u00e9cole (ou les \u00e9coles ) d\u00e9finissent qui peut apprendre le sort. G\u00e9n\u00e9ralement les ecoles sont pour la magie profane, et les cultes pour la magie de l&#8217;esprit. Si un sort est dans une ecole et un culte, il s&#8217;agit de deux sorts ayant le m\u00eame effets (la description, et l&#8217;apparance peuvent changer un peu, les r\u00e8gles concernant son utilisation d\u00e9pendent de comment le sort est appris ) <\/p>\n\n\n\n<h4 class=\"wp-block-heading\">Magie de l&#8217;esprit<\/h4>\n\n\n\n<p>La magie de l&#8217;esprit est utilis\u00e9 via la foi et la volont\u00e9 du personnage, celui ci se concentre fortement (et \u00e9ventuellement r\u00e9cite une pri\u00e8re li\u00e9 \u00e0 son culte) pour activer la magie. Il est courant que le pr\u00eatre\/paladin utilisent un catalyseur pour situer l&#8217;origine de ses sorts (comme son \u00e9p\u00e9e, un croix, un idole quelconque) <\/p>\n\n\n\n<h4 class=\"wp-block-heading\">Magie profane<\/h4>\n\n\n\n<p>La magie profane n\u00e9cessite une incantation, un moyen de transmettre l&#8217;intention, la r\u00e9flexion derri\u00e8re le sortil\u00e8ge afin de modeler la magie \u00e0 son desire et provoquer les effets d\u00e9sirer. Il existe trois mani\u00e8res connu d&#8217;utiliser la magie profane : <\/p>\n\n\n\n<ul class=\"wp-block-list\"><li>Vocal : R\u00e9citer une invocation, mani\u00e8re la plus rapide d&#8217;utiliser la magie profane, repr\u00e9sente souvent un risque du fait de la possibilit\u00e9 accru d&#8217;erreur. (L&#8217;utilisation de la magie uniquement vocale ajoute un malus de 4 au sorts.Retire une demi action au temps d&#8217;incantation. N&#8217;ai pas affecter par les malus d&#8217;armures, et peut se faire avec les mains prises. )<\/li><li>Gestuel : Via des geste pr\u00e9cis, le mage manipule la magie de l&#8217;air afin de lancer le sort, cette fa\u00e7on de faire est plut\u00f4t longue, mais extr\u00eamement pr\u00e9cise. (L&#8217;utilisation de la magie uniquement gestuel ajoute une demi action au temps d&#8217;incantation, mais donne un bonus de 2 au sort)<\/li><li>Runic : Le fait de graver les symboles sur une plaque de pouvoir permet non seulement une grande pr\u00e9cision, mais \u00e9galement des sorts plus stables et efficaces. Malheureusement, les plaques de pouvoirs sont couteuse et cette technique rallonge consid\u00e9rablement l&#8217;utilisation d&#8217;un sort. (Les sorts utilis\u00e9 via la magie Runic sont consid\u00e9r\u00e9 comme un niveau de puissance plus \u00e9lev\u00e9, et ne n\u00e9cessite plus de concentration. Ajoute une action au temps d&#8217;incantation)<\/li><li>Hybride main\/voix : C&#8217;est la technique la plus r\u00e9pandu sur Lagornis, elle permet de neutraliser les d\u00e9fauts des techniques vocal et gestuel. <\/li><\/ul>\n\n\n\n<p>Les mages connaissant la technique main\/voix peuvent utiliser les techniques vocal ou gestuel avec un malus de 3. Les mages connaissant les techniques vocal ou gestuel peuvent utiliser la technique main\/voix avec un malus de 3.<\/p>\n\n\n\n<h4 class=\"wp-block-heading\">Pouvoirs<\/h4>\n\n\n\n<p>Les pouvoirs sont une forme de magie diff\u00e9rente, ils sont g\u00e9n\u00e9ralement acquis plut\u00f4t qu&#8217;appris, et ont g\u00e9n\u00e9ralement des r\u00e8gles individuel plut\u00f4t que global comme les autres sorts. Les r\u00e8gles d&#8217;un pouvoir surpasse celles indiqu\u00e9 sur cette page, et sont stipul\u00e9 dans sa description. <\/p>\n\n\n\n<p>En r\u00e8gle g\u00e9n\u00e9ral, les pouvoirs ne demande pas de jet pour \u00eatre utiliser, et ne peuvent pas monter de niveau avec des points de comp\u00e9tences. Ils ne peuvent pas \u00eatre transmis ou enseign\u00e9. <\/p>\n\n\n\n<h6 class=\"wp-block-heading\">Pouvoirs primordiaux \/ instinct primordial<\/h6>\n\n\n\n<p>Ces sorts ne sont pas affecter par les zones d&#8217;anti magie (qui n&#8217;affecterais pas le pouvoir racial). <\/p>\n\n\n\n<h6 class=\"wp-block-heading\">Pouvoirs vampiriques<\/h6>\n\n\n\n<p>Ils sont sp\u00e9cifique aux vampires, et peuvent \u00eatre \u00e9voluer en accroissant la puissance d&#8217;un vampire. <\/p>\n\n\n\n<h6 class=\"wp-block-heading\">Pouvoirs raciaux<\/h6>\n\n\n\n<p>Ils sont acquis \u00e0 la naissance et commun \u00e0 tous les membres d&#8217;une race humaine. Ils ne sont pas affect\u00e9 par les zones d&#8217;anti magie standard. Il peut \u00eatre augmenter avec des points de comp\u00e9tence comme une comp\u00e9tence normal, mais la puissance d&#8217;un pouvoir racial ne peut pas d\u00e9passer le niveau de personnage.<br><\/p>\n","protected":false},"excerpt":{"rendered":"<p>Liste des sorts Un sort est compos\u00e9 de plusieurs variables : Son niveau de maitrise : c&#8217;est le bonus au jet appliqu\u00e9 lors de l&#8217;utilisation du sort Son niveau de puissance : C&#8217;est l&#8217;efficacit\u00e9 du sort, ses d\u00e9g\u00e2ts, sa port\u00e9e, sa zone d&#8217;effet etc &#8230; Son cout : C&#8217;est le nombre de points de mana &hellip; <a href=\"https:\/\/old.lagornis.fr\/?page_id=1056\" class=\"more-link\">Continue reading <span class=\"screen-reader-text\">Magie<\/span> <span class=\"meta-nav\">&rarr;<\/span><\/a><\/p>\n","protected":false},"author":1,"featured_media":0,"parent":46,"menu_order":0,"comment_status":"open","ping_status":"closed","template":"template_categorie.php","meta":{"footnotes":""},"class_list":["post-1056","page","type-page","status-publish","hentry"],"_links":{"self":[{"href":"https:\/\/old.lagornis.fr\/index.php?rest_route=\/wp\/v2\/pages\/1056","targetHints":{"allow":["GET"]}}],"collection":[{"href":"https:\/\/old.lagornis.fr\/index.php?rest_route=\/wp\/v2\/pages"}],"about":[{"href":"https:\/\/old.lagornis.fr\/index.php?rest_route=\/wp\/v2\/types\/page"}],"author":[{"embeddable":true,"href":"https:\/\/old.lagornis.fr\/index.php?rest_route=\/wp\/v2\/users\/1"}],"replies":[{"embeddable":true,"href":"https:\/\/old.lagornis.fr\/index.php?rest_route=%2Fwp%2Fv2%2Fcomments&post=1056"}],"version-history":[{"count":0,"href":"https:\/\/old.lagornis.fr\/index.php?rest_route=\/wp\/v2\/pages\/1056\/revisions"}],"up":[{"embeddable":true,"href":"https:\/\/old.lagornis.fr\/index.php?rest_route=\/wp\/v2\/pages\/46"}],"wp:attachment":[{"href":"https:\/\/old.lagornis.fr\/index.php?rest_route=%2Fwp%2Fv2%2Fmedia&parent=1056"}],"curies":[{"name":"wp","href":"https:\/\/api.w.org\/{rel}","templated":true}]}}