{"id":1042,"date":"2018-12-30T16:06:13","date_gmt":"2018-12-30T15:06:13","guid":{"rendered":"http:\/\/lagornis.monbacasable.fr\/?p=1042"},"modified":"2018-12-30T16:06:13","modified_gmt":"2018-12-30T15:06:13","slug":"aspects-de-prieres","status":"publish","type":"page","link":"https:\/\/old.lagornis.fr\/?page_id=1042","title":{"rendered":"Aspects de pri\u00e8res"},"content":{"rendered":"<p>Certaines pri\u00e8res peuvent se d\u00e9cliner suivant certains aspect \u00e0 partir du niveau 4.<\/p>\n<p>Un aspect de pri\u00e8re se note comme une comp\u00e9tence suppl\u00e9mentaire, et est utilis\u00e9 comme tel : un aspect n&#8217;a pas de valeur de maitrise et utilise celle de la pri\u00e8re classique, un aspect \u00e0 tous les effets de la pri\u00e8re (m\u00eame ceux obtenu dans des niveaux de puissances ult\u00e9rieur \u00e0 l&#8217;obtention de l\u2019aspect)<\/p>\n<p>Un personnage peut utiliser la pri\u00e8re comme elle m\u00eame (version de base), comme l&#8217;un de ses aspect (les effets de cette aspect) mais ne peut pas utiliser deux aspects diff\u00e9rents en m\u00eame temps (ils sont consid\u00e9rer comme deux sorts diff\u00e9rents, sauf dans certains cas tr\u00e8s sp\u00e9cifiques)<\/p>\n<p>L&#8217;aspect \u00e9tant consid\u00e9rer comme le niveau 5 de la pri\u00e8re, les niveau 1 \u00e0 3 de puissances coutent 3 points de comp\u00e9tences, les niveaux 4 et 5 coutent 4, le niveau 6 et 7 coutent 5, etc &#8230;.<\/p>\n<p>Le personnage peut monter autant d&#8217;aspects parall\u00e8les qu&#8217;il le souhaite (dans la mesure des capacit\u00e9s du personnage)<\/p>\n<p>Le cout d&#8217;un aspect est bas\u00e9 soit sur le sien propre, soit sur celui de la pri\u00e8re original.<\/p>\n","protected":false},"excerpt":{"rendered":"<p>Certaines pri\u00e8res peuvent se d\u00e9cliner suivant certains aspect \u00e0 partir du niveau 4. Un aspect de pri\u00e8re se note comme une comp\u00e9tence suppl\u00e9mentaire, et est utilis\u00e9 comme tel : un aspect n&#8217;a pas de valeur de maitrise et utilise celle de la pri\u00e8re classique, un aspect \u00e0 tous les effets de la pri\u00e8re (m\u00eame ceux &hellip; <a href=\"https:\/\/old.lagornis.fr\/?page_id=1042\" class=\"more-link\">Continue reading <span class=\"screen-reader-text\">Aspects de pri\u00e8res<\/span> <span class=\"meta-nav\">&rarr;<\/span><\/a><\/p>\n","protected":false},"author":1,"featured_media":0,"parent":1056,"menu_order":0,"comment_status":"open","ping_status":"closed","template":"","meta":{"footnotes":""},"class_list":["post-1042","page","type-page","status-publish","hentry"],"_links":{"self":[{"href":"https:\/\/old.lagornis.fr\/index.php?rest_route=\/wp\/v2\/pages\/1042","targetHints":{"allow":["GET"]}}],"collection":[{"href":"https:\/\/old.lagornis.fr\/index.php?rest_route=\/wp\/v2\/pages"}],"about":[{"href":"https:\/\/old.lagornis.fr\/index.php?rest_route=\/wp\/v2\/types\/page"}],"author":[{"embeddable":true,"href":"https:\/\/old.lagornis.fr\/index.php?rest_route=\/wp\/v2\/users\/1"}],"replies":[{"embeddable":true,"href":"https:\/\/old.lagornis.fr\/index.php?rest_route=%2Fwp%2Fv2%2Fcomments&post=1042"}],"version-history":[{"count":0,"href":"https:\/\/old.lagornis.fr\/index.php?rest_route=\/wp\/v2\/pages\/1042\/revisions"}],"up":[{"embeddable":true,"href":"https:\/\/old.lagornis.fr\/index.php?rest_route=\/wp\/v2\/pages\/1056"}],"wp:attachment":[{"href":"https:\/\/old.lagornis.fr\/index.php?rest_route=%2Fwp%2Fv2%2Fmedia&parent=1042"}],"curies":[{"name":"wp","href":"https:\/\/api.w.org\/{rel}","templated":true}]}}