{"id":1030,"date":"2018-12-28T22:06:54","date_gmt":"2018-12-28T21:06:54","guid":{"rendered":"http:\/\/lagornis.monbacasable.fr\/?p=1030"},"modified":"2018-12-28T22:06:54","modified_gmt":"2018-12-28T21:06:54","slug":"points-de-magie-et-points-de-magie-du-culte","status":"publish","type":"page","link":"https:\/\/old.lagornis.fr\/?page_id=1030","title":{"rendered":"Points de magie et points de magie du culte"},"content":{"rendered":"<p>Les points de magie ou de magie du culte repr\u00e9sente la quantit\u00e9 d\u2019\u00e9nergie disponible pour le personnage, il peut les utilisers librement pour manipuler la magie ambiante dans des sorts ou pri\u00e8res, ou les consommer dans l&#8217;utilisation de son pouvoir racial.<br \/>\nLa distinction entre ces deux types d\u2019\u00e9nergie se trouvent sur leur utilisation et leur r\u00e9g\u00e9n\u00e9ration : il est impossible d&#8217;utiliser des points de magie classiques pour effectuer une pri\u00e8re, les magies spontan\u00e9 sont \u00e9galement plus faible avec une magie classique.<br \/>\nLa r\u00e9g\u00e9n\u00e9ration est le principal avantage des points de magie classiques : ils se r\u00e9g\u00e9n\u00e8rent au rythme de 1 point par heure alors que les points de magie du culte se r\u00e9g\u00e9n\u00e8re uniquement avec des actions sp\u00e9cifiques : une action li\u00e9 au culte, ou un rituel religieux sont n\u00e9cessaire \u00e0 voir cette \u00e9nergie se r\u00e9g\u00e9n\u00e9rer.<\/p>\n<h4>Magie spontan\u00e9<\/h4>\n<p>Un individu ayant une grande quantit\u00e9 d&#8217;energie magique est capable d&#8217;influencer la magie ambiante par sa simple volont\u00e9 pour produire diverses resultats.<\/p>\n<p>A 20 pm\/15pmc -&gt; magie spontan\u00e9 1 :<br \/>\n3pm : G\u00e9n\u00e8re un effet l\u00e9ger : allume\/\u00e9teint une petite flamme, soigne 1pv, g\u00e9n\u00e8re une petite lumi\u00e8re , etc &#8230;<\/p>\n<p>A 30 pm\/25pmc -&gt; magie spontan\u00e9 2 :<br \/>\n5pm : Genere un effet medium : un sort de mage\/pretre consommant 2 pm ou moins. Effet de niveau 1.<\/p>\n<p>A 40pm\/35 pmc -&gt; magie spontan\u00e9 3 :<br \/>\nMax pm (consomme autant de pm que le personnage a de pm max (se transpose sur les pv si n\u00e9cessaire) ) -&gt; point de destins : active un point de destin n\u00e9gatif (effets d&#8217;un point de destin classique, mais en fonction de l&#8217;action le jet d&#8217;effet de destin subit un modulo variable (par exemple, modulo 30 fait que l&#8217;effet de destin sera forcement inf\u00e9rieur \u00e0 30 ) )<\/p>\n","protected":false},"excerpt":{"rendered":"<p>Les points de magie ou de magie du culte repr\u00e9sente la quantit\u00e9 d\u2019\u00e9nergie disponible pour le personnage, il peut les utilisers librement pour manipuler la magie ambiante dans des sorts ou pri\u00e8res, ou les consommer dans l&#8217;utilisation de son pouvoir racial. La distinction entre ces deux types d\u2019\u00e9nergie se trouvent sur leur utilisation et leur &hellip; <a href=\"https:\/\/old.lagornis.fr\/?page_id=1030\" class=\"more-link\">Continue reading <span class=\"screen-reader-text\">Points de magie et points de magie du culte<\/span> <span class=\"meta-nav\">&rarr;<\/span><\/a><\/p>\n","protected":false},"author":1,"featured_media":0,"parent":0,"menu_order":0,"comment_status":"open","ping_status":"closed","template":"","meta":{"footnotes":""},"class_list":["post-1030","page","type-page","status-publish","hentry"],"_links":{"self":[{"href":"https:\/\/old.lagornis.fr\/index.php?rest_route=\/wp\/v2\/pages\/1030","targetHints":{"allow":["GET"]}}],"collection":[{"href":"https:\/\/old.lagornis.fr\/index.php?rest_route=\/wp\/v2\/pages"}],"about":[{"href":"https:\/\/old.lagornis.fr\/index.php?rest_route=\/wp\/v2\/types\/page"}],"author":[{"embeddable":true,"href":"https:\/\/old.lagornis.fr\/index.php?rest_route=\/wp\/v2\/users\/1"}],"replies":[{"embeddable":true,"href":"https:\/\/old.lagornis.fr\/index.php?rest_route=%2Fwp%2Fv2%2Fcomments&post=1030"}],"version-history":[{"count":0,"href":"https:\/\/old.lagornis.fr\/index.php?rest_route=\/wp\/v2\/pages\/1030\/revisions"}],"wp:attachment":[{"href":"https:\/\/old.lagornis.fr\/index.php?rest_route=%2Fwp%2Fv2%2Fmedia&parent=1030"}],"curies":[{"name":"wp","href":"https:\/\/api.w.org\/{rel}","templated":true}]}}