{"id":1020,"date":"2018-12-25T15:09:10","date_gmt":"2018-12-25T14:09:10","guid":{"rendered":"http:\/\/lagornis.monbacasable.fr\/?p=1020"},"modified":"2018-12-25T15:09:10","modified_gmt":"2018-12-25T14:09:10","slug":"vaune","status":"publish","type":"page","link":"https:\/\/old.lagornis.fr\/?page_id=1020","title":{"rendered":"Vaune"},"content":{"rendered":"\n<p>Le royaume de Vaune est un petit royaume du sud de draam . Il est s\u00e9par\u00e9 en dizaines de baronnie .<br>Principalement reconnu pour ses nombreuses acad\u00e9mies magiques qui font de Vaune la force magique la plus importante de Lagornis (a l&#8217;exception peut \u00eatre de communaut\u00e9s cach\u00e9 ma\u00eetrisant encore des magies anciennes).<\/p>\n\n\n\n<p>En tenaille entre draam et les terres obscures, ce pays est en conflit quasi constant.<\/p>\n\n\n\n<p>Politiquement, le roi transmet sa position a ses descendants, il prend les d\u00e9cisions concernant les guerres, les conflits inter-baronnies et certaines affaires majeur. La plupart des d\u00e9cisions locales sont adopt\u00e9es par un Barron, celui ci est d\u00e9sign\u00e9 par le roi a son bon loisir (la dur\u00e9e de son poste n&#8217;est pas fixe, certain reste Barron la plus grande partie de leur vie, d&#8217;autre seulement quelques ann\u00e9es ), il se joue donc un ballet politique a la cour du roi o\u00f9 se joue manigances et jeux de pouvoirs.<\/p>\n\n\n\n<p>La capital est Tardif<\/p>\n\n\n\n<p>La dynastie au pouvoir est celle des Tardif.<\/p>\n\n\n\n<h4 class=\"wp-block-heading\"><em>Biblioth\u00e8que royal de Tardif<\/em><\/h4>\n\n\n\n<p>La biblioth\u00e8que royal est un b\u00e2timent massif abritant la somme des connaissances du royaume, qu&#8217;il s&#8217;agisse d&#8217;histoire, de magie, de zoologie, d\u2019\u00e9conomie, tous y est. Particularit\u00e9 de la biblioth\u00e8que de Tardif : elle est ouverte \u00e0 quiconque souhaite s&#8217;y rendre. <\/p>\n\n\n\n<p>Pour entrer dans la biblioth\u00e8que il faut r\u00e9pondre \u00e0 un contr\u00f4le de s\u00e9curit\u00e9 pouss\u00e9 (surveiller par un sort d\u00e9tecteur de mensonge ), et s&#8217;acquitter d&#8217;un payement.<\/p>\n\n\n\n<p>Les tarif sont : <\/p>\n\n\n\n<ul class=\"wp-block-list\"><li>5 Po \/ heure d&#8217;acc\u00e8s \u00e0 la biblioth\u00e8que.<\/li><li>15 Po \/ heures, pour r\u00e9server une petite salle d\u2019\u00e9tude<\/li><li>30 Po\/heures pour avoir acc\u00e8s \u00e0 une salle d&#8217;\u00e9tude, et un membre du personnel de la biblioth\u00e8que qui aide dans les recherches.<\/li><li>75 Po \/ heures pour demander \u00e0 un groupe de recherche d&#8217;effectuer un recherche pouss\u00e9 et documenter sur un sujet. (en fonction du sujet, les tarifs peuvent augmenter. ) <\/li><\/ul>\n","protected":false},"excerpt":{"rendered":"<p>Le royaume de Vaune est un petit royaume du sud de draam . Il est s\u00e9par\u00e9 en dizaines de baronnie .Principalement reconnu pour ses nombreuses acad\u00e9mies magiques qui font de Vaune la force magique la plus importante de Lagornis (a l&#8217;exception peut \u00eatre de communaut\u00e9s cach\u00e9 ma\u00eetrisant encore des magies anciennes). En tenaille entre draam &hellip; <a href=\"https:\/\/old.lagornis.fr\/?page_id=1020\" class=\"more-link\">Continue reading <span class=\"screen-reader-text\">Vaune<\/span> <span class=\"meta-nav\">&rarr;<\/span><\/a><\/p>\n","protected":false},"author":1,"featured_media":0,"parent":2607,"menu_order":0,"comment_status":"open","ping_status":"closed","template":"","meta":{"footnotes":""},"class_list":["post-1020","page","type-page","status-publish","hentry"],"_links":{"self":[{"href":"https:\/\/old.lagornis.fr\/index.php?rest_route=\/wp\/v2\/pages\/1020","targetHints":{"allow":["GET"]}}],"collection":[{"href":"https:\/\/old.lagornis.fr\/index.php?rest_route=\/wp\/v2\/pages"}],"about":[{"href":"https:\/\/old.lagornis.fr\/index.php?rest_route=\/wp\/v2\/types\/page"}],"author":[{"embeddable":true,"href":"https:\/\/old.lagornis.fr\/index.php?rest_route=\/wp\/v2\/users\/1"}],"replies":[{"embeddable":true,"href":"https:\/\/old.lagornis.fr\/index.php?rest_route=%2Fwp%2Fv2%2Fcomments&post=1020"}],"version-history":[{"count":0,"href":"https:\/\/old.lagornis.fr\/index.php?rest_route=\/wp\/v2\/pages\/1020\/revisions"}],"up":[{"embeddable":true,"href":"https:\/\/old.lagornis.fr\/index.php?rest_route=\/wp\/v2\/pages\/2607"}],"wp:attachment":[{"href":"https:\/\/old.lagornis.fr\/index.php?rest_route=%2Fwp%2Fv2%2Fmedia&parent=1020"}],"curies":[{"name":"wp","href":"https:\/\/api.w.org\/{rel}","templated":true}]}}